{"id":13624,"date":"2026-02-22T22:33:47","date_gmt":"2026-02-22T22:33:47","guid":{"rendered":"https:\/\/zekisari.com\/?post_type=product&#038;p=13624"},"modified":"2026-02-25T20:00:21","modified_gmt":"2026-02-25T20:00:21","slug":"tirim-orta-sehpa","status":"publish","type":"product","link":"https:\/\/zekisari.com\/index.php\/product\/tirim-orta-sehpa\/","title":{"rendered":"Tirim Orta Sehpa"},"content":{"rendered":"\n<table id=\"tablepress-105\" class=\"tablepress tablepress-id-105\">\n<thead>\n<tr class=\"row-1\">\n\t<th class=\"column-1\">\u00dcr\u00fcn<\/th><th class=\"column-2\">Geni\u015flik (cm)<\/th><th class=\"column-3\">Y\u00fckseklik (cm)<\/th><th class=\"column-4\">Derinlik (cm)<\/th>\n<\/tr>\n<\/thead>\n<tbody>\n<tr class=\"row-2\">\n\t<td class=\"column-1\">Orta Sehpa<\/td><td class=\"column-2\">121<\/td><td class=\"column-3\">42<\/td><td class=\"column-4\">81<\/td>\n<\/tr>\n<tr class=\"row-3\">\n\t<td class=\"column-1\">Orta Sehpa Puf<\/td><td class=\"column-2\">90<\/td><td class=\"column-3\">32<\/td><td class=\"column-4\">60<\/td>\n<\/tr>\n<tr class=\"row-4\">\n\t<td class=\"column-1\">Yan Sehpa<\/td><td class=\"column-2\">40<\/td><td class=\"column-3\">51<\/td><td class=\"column-4\">40<\/td>\n<\/tr>\n<\/tbody>\n<\/table>\n\n","protected":false},"excerpt":{"rendered":"\u00dcr\u00fcnGeni\u015flik (cm)Y\u00fckseklik (cm)Derinlik (cm) Orta Sehpa1214281 Orta Sehpa Puf903260 Yan Sehpa405140","protected":false},"featured_media":13625,"template":"","meta":[],"product_brand":[],"product_cat":[80],"product_tag":[],"class_list":{"0":"post-13624","1":"product","2":"type-product","3":"status-publish","4":"has-post-thumbnail","6":"product_cat-orta-sehpalar","8":"first","9":"instock","10":"shipping-taxable","11":"product-type-simple"},"_links":{"self":[{"href":"https:\/\/zekisari.com\/index.php\/wp-json\/wp\/v2\/product\/13624","targetHints":{"allow":["GET"]}}],"collection":[{"href":"https:\/\/zekisari.com\/index.php\/wp-json\/wp\/v2\/product"}],"about":[{"href":"https:\/\/zekisari.com\/index.php\/wp-json\/wp\/v2\/types\/product"}],"wp:featuredmedia":[{"embeddable":true,"href":"https:\/\/zekisari.com\/index.php\/wp-json\/wp\/v2\/media\/13625"}],"wp:attachment":[{"href":"https:\/\/zekisari.com\/index.php\/wp-json\/wp\/v2\/media?parent=13624"}],"wp:term":[{"taxonomy":"product_brand","embeddable":true,"href":"https:\/\/zekisari.com\/index.php\/wp-json\/wp\/v2\/product_brand?post=13624"},{"taxonomy":"product_cat","embeddable":true,"href":"https:\/\/zekisari.com\/index.php\/wp-json\/wp\/v2\/product_cat?post=13624"},{"taxonomy":"product_tag","embeddable":true,"href":"https:\/\/zekisari.com\/index.php\/wp-json\/wp\/v2\/product_tag?post=13624"}],"curies":[{"name":"wp","href":"https:\/\/api.w.org\/{rel}","templated":true}]}}