{"id":13573,"date":"2026-02-22T22:28:16","date_gmt":"2026-02-22T22:28:16","guid":{"rendered":"https:\/\/zekisari.com\/?post_type=product&#038;p=13573"},"modified":"2026-02-25T20:03:50","modified_gmt":"2026-02-25T20:03:50","slug":"tirim-yemek-odasi","status":"publish","type":"product","link":"https:\/\/zekisari.com\/index.php\/product\/tirim-yemek-odasi\/","title":{"rendered":"Tirim Yemek Odas\u0131"},"content":{"rendered":"\n<table id=\"tablepress-106\" class=\"tablepress tablepress-id-106\">\n<thead>\n<tr class=\"row-1\">\n\t<th class=\"column-1\">\u00dcr\u00fcn<\/th><th class=\"column-2\">Geni\u015flik (cm)<\/th><th class=\"column-3\">Y\u00fckseklik (cm)<\/th><th class=\"column-4\">Derinlik (cm)<\/th>\n<\/tr>\n<\/thead>\n<tbody>\n<tr class=\"row-2\">\n\t<td class=\"column-1\">Konsol<\/td><td class=\"column-2\">209<\/td><td class=\"column-3\">76<\/td><td class=\"column-4\">43<\/td>\n<\/tr>\n<tr class=\"row-3\">\n\t<td class=\"column-1\">Konsol Ayna<\/td><td class=\"column-2\">85<\/td><td class=\"column-3\">85<\/td><td class=\"column-4\">3<\/td>\n<\/tr>\n<tr class=\"row-4\">\n\t<td class=\"column-1\">A\u00e7\u0131l\u0131r Yemek Masas\u0131<\/td><td class=\"column-2\">180<\/td><td class=\"column-3\">76<\/td><td class=\"column-4\">92<\/td>\n<\/tr>\n<\/tbody>\n<\/table>\n\n","protected":false},"excerpt":{"rendered":"\u00dcr\u00fcnGeni\u015flik (cm)Y\u00fckseklik (cm)Derinlik (cm) Konsol2097643 Konsol Ayna85853 A\u00e7\u0131l\u0131r Yemek Masas\u01311807692","protected":false},"featured_media":13574,"template":"","meta":[],"product_brand":[],"product_cat":[76],"product_tag":[],"class_list":{"0":"post-13573","1":"product","2":"type-product","3":"status-publish","4":"has-post-thumbnail","6":"product_cat-yemek-odalari","8":"first","9":"instock","10":"shipping-taxable","11":"product-type-simple"},"_links":{"self":[{"href":"https:\/\/zekisari.com\/index.php\/wp-json\/wp\/v2\/product\/13573","targetHints":{"allow":["GET"]}}],"collection":[{"href":"https:\/\/zekisari.com\/index.php\/wp-json\/wp\/v2\/product"}],"about":[{"href":"https:\/\/zekisari.com\/index.php\/wp-json\/wp\/v2\/types\/product"}],"wp:featuredmedia":[{"embeddable":true,"href":"https:\/\/zekisari.com\/index.php\/wp-json\/wp\/v2\/media\/13574"}],"wp:attachment":[{"href":"https:\/\/zekisari.com\/index.php\/wp-json\/wp\/v2\/media?parent=13573"}],"wp:term":[{"taxonomy":"product_brand","embeddable":true,"href":"https:\/\/zekisari.com\/index.php\/wp-json\/wp\/v2\/product_brand?post=13573"},{"taxonomy":"product_cat","embeddable":true,"href":"https:\/\/zekisari.com\/index.php\/wp-json\/wp\/v2\/product_cat?post=13573"},{"taxonomy":"product_tag","embeddable":true,"href":"https:\/\/zekisari.com\/index.php\/wp-json\/wp\/v2\/product_tag?post=13573"}],"curies":[{"name":"wp","href":"https:\/\/api.w.org\/{rel}","templated":true}]}}