{"id":13530,"date":"2026-02-22T22:13:24","date_gmt":"2026-02-22T22:13:24","guid":{"rendered":"https:\/\/zekisari.com\/?post_type=product&#038;p=13530"},"modified":"2026-02-25T20:22:51","modified_gmt":"2026-02-25T20:22:51","slug":"tirim-yatak-odasi","status":"publish","type":"product","link":"https:\/\/zekisari.com\/index.php\/product\/tirim-yatak-odasi\/","title":{"rendered":"Tirim Yatak Odas\u0131"},"content":{"rendered":"\n<table id=\"tablepress-107\" class=\"tablepress tablepress-id-107\">\n<thead>\n<tr class=\"row-1\">\n\t<th class=\"column-1\">\u00dcr\u00fcn<\/th><th class=\"column-2\">Geni\u015flik (cm)<\/th><th class=\"column-3\">Y\u00fckseklik (cm)<\/th><th class=\"column-4\">Derinlik (cm)<\/th>\n<\/tr>\n<\/thead>\n<tbody>\n<tr class=\"row-2\">\n\t<td class=\"column-1\">2 Kap\u0131l\u0131 \u00c7ekmeceli Dolap<\/td><td class=\"column-2\">80<\/td><td class=\"column-3\">217<\/td><td class=\"column-4\">56<\/td>\n<\/tr>\n<tr class=\"row-3\">\n\t<td class=\"column-1\">2 Kap\u0131l\u0131 Ask\u0131l\u0131kl\u0131 Dolap<\/td><td class=\"column-2\">80<\/td><td class=\"column-3\">217<\/td><td class=\"column-4\">56<\/td>\n<\/tr>\n<tr class=\"row-4\">\n\t<td class=\"column-1\">K\u00f6\u015fe Dolap<\/td><td class=\"column-2\">84x84<\/td><td class=\"column-3\">217<\/td><td class=\"column-4\">56<\/td>\n<\/tr>\n<tr class=\"row-5\">\n\t<td class=\"column-1\">Bazal\u0131 Karyola ve Ba\u015fl\u0131k (160 Cm)<\/td><td class=\"column-2\">181<\/td><td class=\"column-3\">108<\/td><td class=\"column-4\">240<\/td>\n<\/tr>\n<tr class=\"row-6\">\n\t<td class=\"column-1\">\u015eifonyer<\/td><td class=\"column-2\">142<\/td><td class=\"column-3\">77<\/td><td class=\"column-4\">42<\/td>\n<\/tr>\n<tr class=\"row-7\">\n\t<td class=\"column-1\">\u015eifonyer Ayna<\/td><td class=\"column-2\">85<\/td><td class=\"column-3\">85<\/td><td class=\"column-4\">3<\/td>\n<\/tr>\n<tr class=\"row-8\">\n\t<td class=\"column-1\">Komodin<\/td><td class=\"column-2\">65<\/td><td class=\"column-3\">32<\/td><td class=\"column-4\">43<\/td>\n<\/tr>\n<\/tbody>\n<\/table>\n\n","protected":false},"excerpt":{"rendered":"\u00dcr\u00fcnGeni\u015flik (cm)Y\u00fckseklik (cm)Derinlik (cm) 2 Kap\u0131l\u0131 \u00c7ekmeceli Dolap8021756 2 Kap\u0131l\u0131 Ask\u0131l\u0131kl\u0131 Dolap8021756 K\u00f6\u015fe Dolap84x8421756 Bazal\u0131 Karyola ve Ba\u015fl\u0131k (160 Cm)181108240","protected":false},"featured_media":13531,"template":"","meta":[],"product_brand":[],"product_cat":[79],"product_tag":[],"class_list":{"0":"post-13530","1":"product","2":"type-product","3":"status-publish","4":"has-post-thumbnail","6":"product_cat-yatak-odalari","8":"first","9":"instock","10":"shipping-taxable","11":"product-type-simple"},"_links":{"self":[{"href":"https:\/\/zekisari.com\/index.php\/wp-json\/wp\/v2\/product\/13530","targetHints":{"allow":["GET"]}}],"collection":[{"href":"https:\/\/zekisari.com\/index.php\/wp-json\/wp\/v2\/product"}],"about":[{"href":"https:\/\/zekisari.com\/index.php\/wp-json\/wp\/v2\/types\/product"}],"wp:featuredmedia":[{"embeddable":true,"href":"https:\/\/zekisari.com\/index.php\/wp-json\/wp\/v2\/media\/13531"}],"wp:attachment":[{"href":"https:\/\/zekisari.com\/index.php\/wp-json\/wp\/v2\/media?parent=13530"}],"wp:term":[{"taxonomy":"product_brand","embeddable":true,"href":"https:\/\/zekisari.com\/index.php\/wp-json\/wp\/v2\/product_brand?post=13530"},{"taxonomy":"product_cat","embeddable":true,"href":"https:\/\/zekisari.com\/index.php\/wp-json\/wp\/v2\/product_cat?post=13530"},{"taxonomy":"product_tag","embeddable":true,"href":"https:\/\/zekisari.com\/index.php\/wp-json\/wp\/v2\/product_tag?post=13530"}],"curies":[{"name":"wp","href":"https:\/\/api.w.org\/{rel}","templated":true}]}}