{"id":13506,"date":"2026-02-22T21:49:18","date_gmt":"2026-02-22T21:49:18","guid":{"rendered":"https:\/\/zekisari.com\/?post_type=product&#038;p=13506"},"modified":"2026-02-26T19:54:10","modified_gmt":"2026-02-26T19:54:10","slug":"dalmi-yemek-odasi","status":"publish","type":"product","link":"https:\/\/zekisari.com\/index.php\/product\/dalmi-yemek-odasi\/","title":{"rendered":"Dalmi Yemek odas\u0131"},"content":{"rendered":"\n<table id=\"tablepress-109\" class=\"tablepress tablepress-id-109\">\n<thead>\n<tr class=\"row-1\">\n\t<th class=\"column-1\">\u00dcr\u00fcn<\/th><th class=\"column-2\">Geni\u015flik (cm)<\/th><th class=\"column-3\">Y\u00fckseklik (cm)<\/th><th class=\"column-4\">Derinlik (cm)<\/th>\n<\/tr>\n<\/thead>\n<tbody>\n<tr class=\"row-2\">\n\t<td class=\"column-1\">Konsol<\/td><td class=\"column-2\">209<\/td><td class=\"column-3\">83<\/td><td class=\"column-4\">49<\/td>\n<\/tr>\n<tr class=\"row-3\">\n\t<td class=\"column-1\">Konsol Ayna<\/td><td class=\"column-2\"><\/td><td class=\"column-3\"><\/td><td class=\"column-4\"><\/td>\n<\/tr>\n<tr class=\"row-4\">\n\t<td class=\"column-1\">A\u00e7\u0131l\u0131r Yemek Masas\u0131<\/td><td class=\"column-2\">160<\/td><td class=\"column-3\">77<\/td><td class=\"column-4\">95<\/td>\n<\/tr>\n<tr class=\"row-5\">\n\t<td class=\"column-1\">Sabit Yemek Masas\u0131<\/td><td class=\"column-2\">195<\/td><td class=\"column-3\">77<\/td><td class=\"column-4\">95<\/td>\n<\/tr>\n<\/tbody>\n<\/table>\n\n","protected":false},"excerpt":{"rendered":"\u00dcr\u00fcnGeni\u015flik (cm)Y\u00fckseklik (cm)Derinlik (cm) Konsol2098349 Konsol Ayna A\u00e7\u0131l\u0131r Yemek Masas\u01311607795 Sabit Yemek Masas\u01311957795","protected":false},"featured_media":13507,"template":"","meta":[],"product_brand":[],"product_cat":[76],"product_tag":[],"class_list":{"0":"post-13506","1":"product","2":"type-product","3":"status-publish","4":"has-post-thumbnail","6":"product_cat-yemek-odalari","8":"first","9":"instock","10":"shipping-taxable","11":"product-type-simple"},"_links":{"self":[{"href":"https:\/\/zekisari.com\/index.php\/wp-json\/wp\/v2\/product\/13506","targetHints":{"allow":["GET"]}}],"collection":[{"href":"https:\/\/zekisari.com\/index.php\/wp-json\/wp\/v2\/product"}],"about":[{"href":"https:\/\/zekisari.com\/index.php\/wp-json\/wp\/v2\/types\/product"}],"wp:featuredmedia":[{"embeddable":true,"href":"https:\/\/zekisari.com\/index.php\/wp-json\/wp\/v2\/media\/13507"}],"wp:attachment":[{"href":"https:\/\/zekisari.com\/index.php\/wp-json\/wp\/v2\/media?parent=13506"}],"wp:term":[{"taxonomy":"product_brand","embeddable":true,"href":"https:\/\/zekisari.com\/index.php\/wp-json\/wp\/v2\/product_brand?post=13506"},{"taxonomy":"product_cat","embeddable":true,"href":"https:\/\/zekisari.com\/index.php\/wp-json\/wp\/v2\/product_cat?post=13506"},{"taxonomy":"product_tag","embeddable":true,"href":"https:\/\/zekisari.com\/index.php\/wp-json\/wp\/v2\/product_tag?post=13506"}],"curies":[{"name":"wp","href":"https:\/\/api.w.org\/{rel}","templated":true}]}}