{"id":13428,"date":"2026-02-08T10:36:48","date_gmt":"2026-02-08T10:36:48","guid":{"rendered":"https:\/\/zekisari.com\/?post_type=product&#038;p=13428"},"modified":"2026-02-08T11:32:10","modified_gmt":"2026-02-08T11:32:10","slug":"ferre-yatak-odasi","status":"publish","type":"product","link":"https:\/\/zekisari.com\/index.php\/product\/ferre-yatak-odasi\/","title":{"rendered":"Ferre Yatak Odas\u0131"},"content":{"rendered":"\n<table id=\"tablepress-90\" class=\"tablepress tablepress-id-90\">\n<thead>\n<tr class=\"row-1\">\n\t<th class=\"column-1\">\u00dcr\u00fcn<\/th><th class=\"column-2\">Geni\u015flik (cm)<\/th><th class=\"column-3\">Y\u00fckseklik (cm)<\/th><th class=\"column-4\">Derinlik (cm)<\/th>\n<\/tr>\n<\/thead>\n<tbody>\n<tr class=\"row-2\">\n\t<td class=\"column-1\">6 Kap\u0131l\u0131 Gardrop<\/td><td class=\"column-2\">240<\/td><td class=\"column-3\">216<\/td><td class=\"column-4\">56<\/td>\n<\/tr>\n<tr class=\"row-3\">\n\t<td class=\"column-1\">Ba\u015fl\u0131kl\u0131 Bazal\u0131 Karyola ve Pano (180 Cm)<\/td><td class=\"column-2\">280<\/td><td class=\"column-3\">120<\/td><td class=\"column-4\">210<\/td>\n<\/tr>\n<tr class=\"row-4\">\n\t<td class=\"column-1\">Ba\u015fl\u0131kl\u0131 Bazal\u0131 Karyola ve Pano (160 Cm)<\/td><td class=\"column-2\">260<\/td><td class=\"column-3\">120<\/td><td class=\"column-4\">210<\/td>\n<\/tr>\n<tr class=\"row-5\">\n\t<td class=\"column-1\">\u015eifonyer<\/td><td class=\"column-2\">120<\/td><td class=\"column-3\">85<\/td><td class=\"column-4\">41<\/td>\n<\/tr>\n<tr class=\"row-6\">\n\t<td class=\"column-1\">\u015eifonyer Ayna<\/td><td class=\"column-2\">57<\/td><td class=\"column-3\">77<\/td><td class=\"column-4\"><\/td>\n<\/tr>\n<tr class=\"row-7\">\n\t<td class=\"column-1\">Komodin<\/td><td class=\"column-2\">55<\/td><td class=\"column-3\">47<\/td><td class=\"column-4\">41<\/td>\n<\/tr>\n<\/tbody>\n<\/table>\n\n","protected":false},"excerpt":{"rendered":"\u00dcr\u00fcnGeni\u015flik (cm)Y\u00fckseklik (cm)Derinlik (cm) 6 Kap\u0131l\u0131 Gardrop24021656 Ba\u015fl\u0131kl\u0131 Bazal\u0131 Karyola ve Pano (180 Cm)280120210 Ba\u015fl\u0131kl\u0131 Bazal\u0131 Karyola ve Pano (160","protected":false},"featured_media":13429,"template":"","meta":[],"product_brand":[],"product_cat":[79],"product_tag":[],"class_list":{"0":"post-13428","1":"product","2":"type-product","3":"status-publish","4":"has-post-thumbnail","6":"product_cat-yatak-odalari","8":"first","9":"instock","10":"shipping-taxable","11":"product-type-simple"},"_links":{"self":[{"href":"https:\/\/zekisari.com\/index.php\/wp-json\/wp\/v2\/product\/13428","targetHints":{"allow":["GET"]}}],"collection":[{"href":"https:\/\/zekisari.com\/index.php\/wp-json\/wp\/v2\/product"}],"about":[{"href":"https:\/\/zekisari.com\/index.php\/wp-json\/wp\/v2\/types\/product"}],"wp:featuredmedia":[{"embeddable":true,"href":"https:\/\/zekisari.com\/index.php\/wp-json\/wp\/v2\/media\/13429"}],"wp:attachment":[{"href":"https:\/\/zekisari.com\/index.php\/wp-json\/wp\/v2\/media?parent=13428"}],"wp:term":[{"taxonomy":"product_brand","embeddable":true,"href":"https:\/\/zekisari.com\/index.php\/wp-json\/wp\/v2\/product_brand?post=13428"},{"taxonomy":"product_cat","embeddable":true,"href":"https:\/\/zekisari.com\/index.php\/wp-json\/wp\/v2\/product_cat?post=13428"},{"taxonomy":"product_tag","embeddable":true,"href":"https:\/\/zekisari.com\/index.php\/wp-json\/wp\/v2\/product_tag?post=13428"}],"curies":[{"name":"wp","href":"https:\/\/api.w.org\/{rel}","templated":true}]}}