{"id":13326,"date":"2026-01-19T16:07:37","date_gmt":"2026-01-19T16:07:37","guid":{"rendered":"https:\/\/zekisari.com\/?post_type=product&#038;p=13326"},"modified":"2026-01-24T15:33:36","modified_gmt":"2026-01-24T15:33:36","slug":"monte-yatak-odasi","status":"publish","type":"product","link":"https:\/\/zekisari.com\/index.php\/product\/monte-yatak-odasi\/","title":{"rendered":"Monte Yatak Odas\u0131"},"content":{"rendered":"\n<table id=\"tablepress-85\" class=\"tablepress tablepress-id-85\">\n<thead>\n<tr class=\"row-1\">\n\t<th class=\"column-1\">\u00dcr\u00fcn<\/th><th class=\"column-2\">Geni\u015flik (cm)<\/th><th class=\"column-3\">Y\u00fckseklik (cm)<\/th><th class=\"column-4\">Derinlik (cm)<\/th>\n<\/tr>\n<\/thead>\n<tbody>\n<tr class=\"row-2\">\n\t<td class=\"column-1\">6 Kap\u0131l\u0131 Gardrop<\/td><td class=\"column-2\">266<\/td><td class=\"column-3\">225<\/td><td class=\"column-4\">66<\/td>\n<\/tr>\n<tr class=\"row-3\">\n\t<td class=\"column-1\">Ba\u015fl\u0131kl\u0131 Bazal\u0131 Karyola ve Pano (180 Cm)<\/td><td class=\"column-2\">328<\/td><td class=\"column-3\">120<\/td><td class=\"column-4\">225<\/td>\n<\/tr>\n<tr class=\"row-4\">\n\t<td class=\"column-1\">Ba\u015fl\u0131kl\u0131 Bazal\u0131 Karyola ve Pano (160 Cm)<\/td><td class=\"column-2\">328<\/td><td class=\"column-3\">120<\/td><td class=\"column-4\">225<\/td>\n<\/tr>\n<tr class=\"row-5\">\n\t<td class=\"column-1\">\u00c7ama\u015f\u0131rl\u0131k<\/td><td class=\"column-2\"><\/td><td class=\"column-3\"><\/td><td class=\"column-4\"><\/td>\n<\/tr>\n<tr class=\"row-6\">\n\t<td class=\"column-1\">\u015eifonyer<\/td><td class=\"column-2\">145<\/td><td class=\"column-3\">155<\/td><td class=\"column-4\">45<\/td>\n<\/tr>\n<tr class=\"row-7\">\n\t<td class=\"column-1\">\u015eifonyer Ayna<\/td><td class=\"column-2\"><\/td><td class=\"column-3\"><\/td><td class=\"column-4\"><\/td>\n<\/tr>\n<tr class=\"row-8\">\n\t<td class=\"column-1\">Komodin<\/td><td class=\"column-2\">65<\/td><td class=\"column-3\">47<\/td><td class=\"column-4\">45<\/td>\n<\/tr>\n<tr class=\"row-9\">\n\t<td class=\"column-1\">Bench<\/td><td class=\"column-2\"><\/td><td class=\"column-3\"><\/td><td class=\"column-4\"><\/td>\n<\/tr>\n<\/tbody>\n<\/table>\n<!-- #tablepress-85 from cache -->\n","protected":false},"excerpt":{"rendered":"\u00dcr\u00fcnGeni\u015flik (cm)Y\u00fckseklik (cm)Derinlik (cm) 6 Kap\u0131l\u0131 Gardrop26622566 Ba\u015fl\u0131kl\u0131 Bazal\u0131 Karyola ve Pano (180 Cm)328120225 Ba\u015fl\u0131kl\u0131 Bazal\u0131 Karyola ve Pano (160","protected":false},"featured_media":13327,"template":"","meta":[],"product_brand":[],"product_cat":[79],"product_tag":[],"class_list":{"0":"post-13326","1":"product","2":"type-product","3":"status-publish","4":"has-post-thumbnail","6":"product_cat-yatak-odalari","8":"first","9":"instock","10":"shipping-taxable","11":"product-type-simple"},"_links":{"self":[{"href":"https:\/\/zekisari.com\/index.php\/wp-json\/wp\/v2\/product\/13326","targetHints":{"allow":["GET"]}}],"collection":[{"href":"https:\/\/zekisari.com\/index.php\/wp-json\/wp\/v2\/product"}],"about":[{"href":"https:\/\/zekisari.com\/index.php\/wp-json\/wp\/v2\/types\/product"}],"wp:featuredmedia":[{"embeddable":true,"href":"https:\/\/zekisari.com\/index.php\/wp-json\/wp\/v2\/media\/13327"}],"wp:attachment":[{"href":"https:\/\/zekisari.com\/index.php\/wp-json\/wp\/v2\/media?parent=13326"}],"wp:term":[{"taxonomy":"product_brand","embeddable":true,"href":"https:\/\/zekisari.com\/index.php\/wp-json\/wp\/v2\/product_brand?post=13326"},{"taxonomy":"product_cat","embeddable":true,"href":"https:\/\/zekisari.com\/index.php\/wp-json\/wp\/v2\/product_cat?post=13326"},{"taxonomy":"product_tag","embeddable":true,"href":"https:\/\/zekisari.com\/index.php\/wp-json\/wp\/v2\/product_tag?post=13326"}],"curies":[{"name":"wp","href":"https:\/\/api.w.org\/{rel}","templated":true}]}}