{"id":13274,"date":"2026-01-15T22:49:00","date_gmt":"2026-01-15T22:49:00","guid":{"rendered":"https:\/\/zekisari.com\/?post_type=product&#038;p=13274"},"modified":"2026-01-15T22:52:23","modified_gmt":"2026-01-15T22:52:23","slug":"cuba-yemek-odasi","status":"publish","type":"product","link":"https:\/\/zekisari.com\/index.php\/product\/cuba-yemek-odasi\/","title":{"rendered":"Cuba Yemek Odas\u0131"},"content":{"rendered":"\n<table id=\"tablepress-81\" class=\"tablepress tablepress-id-81\">\n<thead>\n<tr class=\"row-1\">\n\t<th class=\"column-1\">\u00dcr\u00fcn<\/th><th class=\"column-2\">Geni\u015flik (cm)<\/th><th class=\"column-3\">Y\u00fckseklik (cm)<\/th><th class=\"column-4\">Derinlik (cm)<\/th>\n<\/tr>\n<\/thead>\n<tbody>\n<tr class=\"row-2\">\n\t<td class=\"column-1\">Konsol<\/td><td class=\"column-2\">220<\/td><td class=\"column-3\">85<\/td><td class=\"column-4\">54<\/td>\n<\/tr>\n<tr class=\"row-3\">\n\t<td class=\"column-1\">Mekanizmal\u0131 Konsol<\/td><td class=\"column-2\">220<\/td><td class=\"column-3\">85<\/td><td class=\"column-4\">54<\/td>\n<\/tr>\n<tr class=\"row-4\">\n\t<td class=\"column-1\">Konsol Ayna<\/td><td class=\"column-2\">95<\/td><td class=\"column-3\">80<\/td><td class=\"column-4\">3<\/td>\n<\/tr>\n<tr class=\"row-5\">\n\t<td class=\"column-1\">Sabit Yemek Masas\u0131<\/td><td class=\"column-2\">200<\/td><td class=\"column-3\">76<\/td><td class=\"column-4\">100<\/td>\n<\/tr>\n<\/tbody>\n<\/table>\n<!-- #tablepress-81 from cache -->\n","protected":false},"excerpt":{"rendered":"\u00dcr\u00fcnGeni\u015flik (cm)Y\u00fckseklik (cm)Derinlik (cm) Konsol2208554 Mekanizmal\u0131 Konsol2208554 Konsol Ayna95803 Sabit Yemek Masas\u013120076100","protected":false},"featured_media":13275,"template":"","meta":[],"product_brand":[],"product_cat":[76],"product_tag":[],"class_list":{"0":"post-13274","1":"product","2":"type-product","3":"status-publish","4":"has-post-thumbnail","6":"product_cat-yemek-odalari","8":"first","9":"instock","10":"shipping-taxable","11":"product-type-simple"},"_links":{"self":[{"href":"https:\/\/zekisari.com\/index.php\/wp-json\/wp\/v2\/product\/13274","targetHints":{"allow":["GET"]}}],"collection":[{"href":"https:\/\/zekisari.com\/index.php\/wp-json\/wp\/v2\/product"}],"about":[{"href":"https:\/\/zekisari.com\/index.php\/wp-json\/wp\/v2\/types\/product"}],"wp:featuredmedia":[{"embeddable":true,"href":"https:\/\/zekisari.com\/index.php\/wp-json\/wp\/v2\/media\/13275"}],"wp:attachment":[{"href":"https:\/\/zekisari.com\/index.php\/wp-json\/wp\/v2\/media?parent=13274"}],"wp:term":[{"taxonomy":"product_brand","embeddable":true,"href":"https:\/\/zekisari.com\/index.php\/wp-json\/wp\/v2\/product_brand?post=13274"},{"taxonomy":"product_cat","embeddable":true,"href":"https:\/\/zekisari.com\/index.php\/wp-json\/wp\/v2\/product_cat?post=13274"},{"taxonomy":"product_tag","embeddable":true,"href":"https:\/\/zekisari.com\/index.php\/wp-json\/wp\/v2\/product_tag?post=13274"}],"curies":[{"name":"wp","href":"https:\/\/api.w.org\/{rel}","templated":true}]}}