{"id":13061,"date":"2026-01-15T17:49:03","date_gmt":"2026-01-15T17:49:03","guid":{"rendered":"https:\/\/zekisari.com\/?post_type=product&#038;p=13061"},"modified":"2026-01-15T19:49:52","modified_gmt":"2026-01-15T19:49:52","slug":"solo-yatak-odasi","status":"publish","type":"product","link":"https:\/\/zekisari.com\/index.php\/product\/solo-yatak-odasi\/","title":{"rendered":"Solo Yatak Odas\u0131"},"content":{"rendered":"\n<table id=\"tablepress-68\" class=\"tablepress tablepress-id-68\">\n<thead>\n<tr class=\"row-1\">\n\t<th class=\"column-1\">\u00dcr\u00fcn<\/th><th class=\"column-2\">Geni\u015flik (cm)<\/th><th class=\"column-3\">Y\u00fckseklik (cm)<\/th><th class=\"column-4\">Derinlik (cm)<\/th>\n<\/tr>\n<\/thead>\n<tbody>\n<tr class=\"row-2\">\n\t<td class=\"column-1\">6 Kap\u0131l\u0131 Gardrop<\/td><td class=\"column-2\">271<\/td><td class=\"column-3\">225<\/td><td class=\"column-4\">66<\/td>\n<\/tr>\n<tr class=\"row-3\">\n\t<td class=\"column-1\">4 Kap\u0131l\u0131 Dolap<\/td><td class=\"column-2\">180<\/td><td class=\"column-3\">225<\/td><td class=\"column-4\">66<\/td>\n<\/tr>\n<tr class=\"row-4\">\n\t<td class=\"column-1\">2 Kap\u0131l\u0131 Dolap<\/td><td class=\"column-2\">90<\/td><td class=\"column-3\">225<\/td><td class=\"column-4\">66<\/td>\n<\/tr>\n<tr class=\"row-5\">\n\t<td class=\"column-1\">K\u00f6\u015fe Dolap<\/td><td class=\"column-2\">100x100<\/td><td class=\"column-3\">225<\/td><td class=\"column-4\">66<\/td>\n<\/tr>\n<tr class=\"row-6\">\n\t<td class=\"column-1\">Tek Kap\u0131l\u0131 Dolap<\/td><td class=\"column-2\">45<\/td><td class=\"column-3\">225<\/td><td class=\"column-4\">66<\/td>\n<\/tr>\n<tr class=\"row-7\">\n\t<td class=\"column-1\">Bazal\u0131 Karyola ve Ba\u015fl\u0131k (160 Cm)<\/td><td class=\"column-2\">262<\/td><td class=\"column-3\">126<\/td><td class=\"column-4\">239<\/td>\n<\/tr>\n<tr class=\"row-8\">\n\t<td class=\"column-1\">Bazal\u0131 Karyola ve Ba\u015fl\u0131k (180 Cm)<\/td><td class=\"column-2\">282<\/td><td class=\"column-3\">126<\/td><td class=\"column-4\">239<\/td>\n<\/tr>\n<tr class=\"row-9\">\n\t<td class=\"column-1\">\u00c7ama\u015f\u0131rl\u0131k<\/td><td class=\"column-2\"><\/td><td class=\"column-3\"><\/td><td class=\"column-4\"><\/td>\n<\/tr>\n<tr class=\"row-10\">\n\t<td class=\"column-1\">Ada<\/td><td class=\"column-2\"><\/td><td class=\"column-3\"><\/td><td class=\"column-4\"><\/td>\n<\/tr>\n<tr class=\"row-11\">\n\t<td class=\"column-1\">\u015eifonyer<\/td><td class=\"column-2\">145<\/td><td class=\"column-3\">78<\/td><td class=\"column-4\">45<\/td>\n<\/tr>\n<tr class=\"row-12\">\n\t<td class=\"column-1\">\u015eifonyer Ayna<\/td><td class=\"column-2\"><\/td><td class=\"column-3\"><\/td><td class=\"column-4\"><\/td>\n<\/tr>\n<tr class=\"row-13\">\n\t<td class=\"column-1\">Komodin<\/td><td class=\"column-2\">65<\/td><td class=\"column-3\">49<\/td><td class=\"column-4\">45<\/td>\n<\/tr>\n<tr class=\"row-14\">\n\t<td class=\"column-1\">Bench<\/td><td class=\"column-2\"><\/td><td class=\"column-3\"><\/td><td class=\"column-4\"><\/td>\n<\/tr>\n<\/tbody>\n<\/table>\n<!-- #tablepress-68 from cache -->\n<p>&nbsp;<\/p>\n","protected":false},"excerpt":{"rendered":"<p>&nbsp;<\/p>\n","protected":false},"featured_media":13062,"template":"","meta":[],"product_brand":[],"product_cat":[79],"product_tag":[],"class_list":{"0":"post-13061","1":"product","2":"type-product","3":"status-publish","4":"has-post-thumbnail","6":"product_cat-yatak-odalari","8":"first","9":"instock","10":"shipping-taxable","11":"product-type-simple"},"_links":{"self":[{"href":"https:\/\/zekisari.com\/index.php\/wp-json\/wp\/v2\/product\/13061","targetHints":{"allow":["GET"]}}],"collection":[{"href":"https:\/\/zekisari.com\/index.php\/wp-json\/wp\/v2\/product"}],"about":[{"href":"https:\/\/zekisari.com\/index.php\/wp-json\/wp\/v2\/types\/product"}],"wp:featuredmedia":[{"embeddable":true,"href":"https:\/\/zekisari.com\/index.php\/wp-json\/wp\/v2\/media\/13062"}],"wp:attachment":[{"href":"https:\/\/zekisari.com\/index.php\/wp-json\/wp\/v2\/media?parent=13061"}],"wp:term":[{"taxonomy":"product_brand","embeddable":true,"href":"https:\/\/zekisari.com\/index.php\/wp-json\/wp\/v2\/product_brand?post=13061"},{"taxonomy":"product_cat","embeddable":true,"href":"https:\/\/zekisari.com\/index.php\/wp-json\/wp\/v2\/product_cat?post=13061"},{"taxonomy":"product_tag","embeddable":true,"href":"https:\/\/zekisari.com\/index.php\/wp-json\/wp\/v2\/product_tag?post=13061"}],"curies":[{"name":"wp","href":"https:\/\/api.w.org\/{rel}","templated":true}]}}