{"id":12763,"date":"2025-12-23T16:16:43","date_gmt":"2025-12-23T16:16:43","guid":{"rendered":"https:\/\/zekisari.com\/?post_type=product&#038;p=12763"},"modified":"2026-02-25T18:25:20","modified_gmt":"2026-02-25T18:25:20","slug":"nudo-koltuk-takimi","status":"publish","type":"product","link":"https:\/\/zekisari.com\/index.php\/product\/nudo-koltuk-takimi\/","title":{"rendered":"Nudo Koltuk Tak\u0131m\u0131"},"content":{"rendered":"\n<table id=\"tablepress-97\" class=\"tablepress tablepress-id-97\">\n<thead>\n<tr class=\"row-1\">\n\t<th class=\"column-1\">\u00dcr\u00fcn<\/th><th class=\"column-2\">Geni\u015flik (cm)<\/th><th class=\"column-3\">Y\u00fckseklik (cm)<\/th><th class=\"column-4\">Derinlik (cm)<\/th>\n<\/tr>\n<\/thead>\n<tbody>\n<tr class=\"row-2\">\n\t<td class=\"column-1\">\u00dc\u00e7l\u00fc Yatakl\u0131 Koltuk<\/td><td class=\"column-2\">240<\/td><td class=\"column-3\">79<\/td><td class=\"column-4\">102<\/td>\n<\/tr>\n<tr class=\"row-3\">\n\t<td class=\"column-1\">\u0130kili Yatakl\u0131 Koltuk<\/td><td class=\"column-2\">200<\/td><td class=\"column-3\">79<\/td><td class=\"column-4\">102<\/td>\n<\/tr>\n<tr class=\"row-4\">\n\t<td class=\"column-1\">90 Cm Ara  Mod\u00fcl<\/td><td class=\"column-2\">90<\/td><td class=\"column-3\">79<\/td><td class=\"column-4\">102<\/td>\n<\/tr>\n<tr class=\"row-5\">\n\t<td class=\"column-1\">70 Cm Ara Mod\u00fcl<\/td><td class=\"column-2\">70<\/td><td class=\"column-3\">79<\/td><td class=\"column-4\">102<\/td>\n<\/tr>\n<tr class=\"row-6\">\n\t<td class=\"column-1\">50 Cm Ara Sehpa Mod\u00fcl<\/td><td class=\"column-2\">50<\/td><td class=\"column-3\">79<\/td><td class=\"column-4\">102<\/td>\n<\/tr>\n<tr class=\"row-7\">\n\t<td class=\"column-1\">Berjer<\/td><td class=\"column-2\">78<\/td><td class=\"column-3\">85<\/td><td class=\"column-4\">80<\/td>\n<\/tr>\n<\/tbody>\n<\/table>\n\n","protected":false},"excerpt":{"rendered":"\u00dcr\u00fcnGeni\u015flik (cm)Y\u00fckseklik (cm)Derinlik (cm) \u00dc\u00e7l\u00fc Yatakl\u0131 Koltuk24079102 \u0130kili Yatakl\u0131 Koltuk20079102 90 Cm Ara Mod\u00fcl9079102 70 Cm Ara Mod\u00fcl7079102 50 Cm","protected":false},"featured_media":12764,"template":"","meta":[],"product_brand":[],"product_cat":[74],"product_tag":[],"class_list":{"0":"post-12763","1":"product","2":"type-product","3":"status-publish","4":"has-post-thumbnail","6":"product_cat-koltuk-takimlari","8":"first","9":"instock","10":"shipping-taxable","11":"product-type-simple"},"_links":{"self":[{"href":"https:\/\/zekisari.com\/index.php\/wp-json\/wp\/v2\/product\/12763","targetHints":{"allow":["GET"]}}],"collection":[{"href":"https:\/\/zekisari.com\/index.php\/wp-json\/wp\/v2\/product"}],"about":[{"href":"https:\/\/zekisari.com\/index.php\/wp-json\/wp\/v2\/types\/product"}],"wp:featuredmedia":[{"embeddable":true,"href":"https:\/\/zekisari.com\/index.php\/wp-json\/wp\/v2\/media\/12764"}],"wp:attachment":[{"href":"https:\/\/zekisari.com\/index.php\/wp-json\/wp\/v2\/media?parent=12763"}],"wp:term":[{"taxonomy":"product_brand","embeddable":true,"href":"https:\/\/zekisari.com\/index.php\/wp-json\/wp\/v2\/product_brand?post=12763"},{"taxonomy":"product_cat","embeddable":true,"href":"https:\/\/zekisari.com\/index.php\/wp-json\/wp\/v2\/product_cat?post=12763"},{"taxonomy":"product_tag","embeddable":true,"href":"https:\/\/zekisari.com\/index.php\/wp-json\/wp\/v2\/product_tag?post=12763"}],"curies":[{"name":"wp","href":"https:\/\/api.w.org\/{rel}","templated":true}]}}