{"id":12650,"date":"2025-12-22T13:16:18","date_gmt":"2025-12-22T13:16:18","guid":{"rendered":"https:\/\/zekisari.com\/?post_type=product&#038;p=12650"},"modified":"2026-01-15T21:46:17","modified_gmt":"2026-01-15T21:46:17","slug":"orven-tv-unitesi","status":"publish","type":"product","link":"https:\/\/zekisari.com\/index.php\/product\/orven-tv-unitesi\/","title":{"rendered":"Orven Tv \u00dcnitesi"},"content":{"rendered":"\n<table id=\"tablepress-78\" class=\"tablepress tablepress-id-78\">\n<thead>\n<tr class=\"row-1\">\n\t<th class=\"column-1\">\u00dcr\u00fcn<\/th><th class=\"column-2\">Geni\u015flik (cm)<\/th><th class=\"column-3\">Y\u00fckseklik (cm)<\/th><th class=\"column-4\">Derinlik (cm)<\/th>\n<\/tr>\n<\/thead>\n<tbody>\n<tr class=\"row-2\">\n\t<td class=\"column-1\">Tv \u00dcnite Alt Mod\u00fcl<\/td><td class=\"column-2\">220<\/td><td class=\"column-3\">50<\/td><td class=\"column-4\">50<\/td>\n<\/tr>\n<tr class=\"row-3\">\n\t<td class=\"column-1\">Tv \u00dcnite \u00dcst Mod\u00fcl<\/td><td class=\"column-2\">60<\/td><td class=\"column-3\">80<\/td><td class=\"column-4\">22<\/td>\n<\/tr>\n<tr class=\"row-4\">\n\t<td class=\"column-1\">Tv \u00dcnite Vitrin Mod\u00fcl<\/td><td class=\"column-2\">90<\/td><td class=\"column-3\">170<\/td><td class=\"column-4\">50<\/td>\n<\/tr>\n<\/tbody>\n<\/table>\n\n","protected":false},"excerpt":{"rendered":"\u00dcr\u00fcnGeni\u015flik (cm)Y\u00fckseklik (cm)Derinlik (cm) Tv \u00dcnite Alt Mod\u00fcl2205050 Tv \u00dcnite \u00dcst Mod\u00fcl608022 Tv \u00dcnite Vitrin Mod\u00fcl9017050","protected":false},"featured_media":12651,"template":"","meta":[],"product_brand":[],"product_cat":[78],"product_tag":[],"class_list":{"0":"post-12650","1":"product","2":"type-product","3":"status-publish","4":"has-post-thumbnail","6":"product_cat-tv-uniteleri","8":"first","9":"instock","10":"shipping-taxable","11":"product-type-simple"},"_links":{"self":[{"href":"https:\/\/zekisari.com\/index.php\/wp-json\/wp\/v2\/product\/12650","targetHints":{"allow":["GET"]}}],"collection":[{"href":"https:\/\/zekisari.com\/index.php\/wp-json\/wp\/v2\/product"}],"about":[{"href":"https:\/\/zekisari.com\/index.php\/wp-json\/wp\/v2\/types\/product"}],"wp:featuredmedia":[{"embeddable":true,"href":"https:\/\/zekisari.com\/index.php\/wp-json\/wp\/v2\/media\/12651"}],"wp:attachment":[{"href":"https:\/\/zekisari.com\/index.php\/wp-json\/wp\/v2\/media?parent=12650"}],"wp:term":[{"taxonomy":"product_brand","embeddable":true,"href":"https:\/\/zekisari.com\/index.php\/wp-json\/wp\/v2\/product_brand?post=12650"},{"taxonomy":"product_cat","embeddable":true,"href":"https:\/\/zekisari.com\/index.php\/wp-json\/wp\/v2\/product_cat?post=12650"},{"taxonomy":"product_tag","embeddable":true,"href":"https:\/\/zekisari.com\/index.php\/wp-json\/wp\/v2\/product_tag?post=12650"}],"curies":[{"name":"wp","href":"https:\/\/api.w.org\/{rel}","templated":true}]}}