{"id":12612,"date":"2025-12-22T13:05:36","date_gmt":"2025-12-22T13:05:36","guid":{"rendered":"https:\/\/zekisari.com\/?post_type=product&#038;p=12612"},"modified":"2026-01-15T22:20:38","modified_gmt":"2026-01-15T22:20:38","slug":"orven-yatak-odasi","status":"publish","type":"product","link":"https:\/\/zekisari.com\/index.php\/product\/orven-yatak-odasi\/","title":{"rendered":"Orven Yatak Odas\u0131"},"content":{"rendered":"\n<table id=\"tablepress-79\" class=\"tablepress tablepress-id-79\">\n<thead>\n<tr class=\"row-1\">\n\t<th class=\"column-1\">\u00dcr\u00fcn<\/th><th class=\"column-2\">Geni\u015flik (cm)<\/th><th class=\"column-3\">Y\u00fckseklik (cm)<\/th><th class=\"column-4\">Derinlik (cm)<\/th>\n<\/tr>\n<\/thead>\n<tbody>\n<tr class=\"row-2\">\n\t<td class=\"column-1\">3 Kap\u0131l\u0131 Dolap<\/td><td class=\"column-2\">121<\/td><td class=\"column-3\">219<\/td><td class=\"column-4\">57<\/td>\n<\/tr>\n<tr class=\"row-3\">\n\t<td class=\"column-1\">2 Kap\u0131l\u0131 Dolap<\/td><td class=\"column-2\">80<\/td><td class=\"column-3\">219<\/td><td class=\"column-4\">57<\/td>\n<\/tr>\n<tr class=\"row-4\">\n\t<td class=\"column-1\">K\u00f6\u015fe Dolap<\/td><td class=\"column-2\">84x84<\/td><td class=\"column-3\">219<\/td><td class=\"column-4\">57<\/td>\n<\/tr>\n<tr class=\"row-5\">\n\t<td class=\"column-1\">Tek Kap\u0131l\u0131 Dolap<\/td><td class=\"column-2\">40<\/td><td class=\"column-3\">219<\/td><td class=\"column-4\">57<\/td>\n<\/tr>\n<tr class=\"row-6\">\n\t<td class=\"column-1\">Bazal\u0131 Karyola ve Ba\u015fl\u0131k (160 Cm)<\/td><td class=\"column-2\">178<\/td><td class=\"column-3\">115<\/td><td class=\"column-4\">215<\/td>\n<\/tr>\n<tr class=\"row-7\">\n\t<td class=\"column-1\">Bazal\u0131 Karyola ve Ba\u015fl\u0131k (180 Cm)<\/td><td class=\"column-2\">198<\/td><td class=\"column-3\">115<\/td><td class=\"column-4\">215<\/td>\n<\/tr>\n<tr class=\"row-8\">\n\t<td class=\"column-1\">\u015eifonyer<\/td><td class=\"column-2\">143<\/td><td class=\"column-3\">82<\/td><td class=\"column-4\">45<\/td>\n<\/tr>\n<tr class=\"row-9\">\n\t<td class=\"column-1\">\u015eifonyer Ayna<\/td><td class=\"column-2\">76<\/td><td class=\"column-3\">76<\/td><td class=\"column-4\">3<\/td>\n<\/tr>\n<tr class=\"row-10\">\n\t<td class=\"column-1\">Komodin<\/td><td class=\"column-2\">67<\/td><td class=\"column-3\">42<\/td><td class=\"column-4\">45<\/td>\n<\/tr>\n<\/tbody>\n<\/table>\n<!-- #tablepress-79 from cache -->\n","protected":false},"excerpt":{"rendered":"\u00dcr\u00fcnGeni\u015flik (cm)Y\u00fckseklik (cm)Derinlik (cm) 3 Kap\u0131l\u0131 Dolap12121957 2 Kap\u0131l\u0131 Dolap8021957 K\u00f6\u015fe Dolap84x8421957 Tek Kap\u0131l\u0131 Dolap4021957 Bazal\u0131 Karyola ve Ba\u015fl\u0131k (160","protected":false},"featured_media":12613,"template":"","meta":[],"product_brand":[],"product_cat":[79],"product_tag":[],"class_list":{"0":"post-12612","1":"product","2":"type-product","3":"status-publish","4":"has-post-thumbnail","6":"product_cat-yatak-odalari","8":"first","9":"instock","10":"shipping-taxable","11":"product-type-simple"},"_links":{"self":[{"href":"https:\/\/zekisari.com\/index.php\/wp-json\/wp\/v2\/product\/12612","targetHints":{"allow":["GET"]}}],"collection":[{"href":"https:\/\/zekisari.com\/index.php\/wp-json\/wp\/v2\/product"}],"about":[{"href":"https:\/\/zekisari.com\/index.php\/wp-json\/wp\/v2\/types\/product"}],"wp:featuredmedia":[{"embeddable":true,"href":"https:\/\/zekisari.com\/index.php\/wp-json\/wp\/v2\/media\/12613"}],"wp:attachment":[{"href":"https:\/\/zekisari.com\/index.php\/wp-json\/wp\/v2\/media?parent=12612"}],"wp:term":[{"taxonomy":"product_brand","embeddable":true,"href":"https:\/\/zekisari.com\/index.php\/wp-json\/wp\/v2\/product_brand?post=12612"},{"taxonomy":"product_cat","embeddable":true,"href":"https:\/\/zekisari.com\/index.php\/wp-json\/wp\/v2\/product_cat?post=12612"},{"taxonomy":"product_tag","embeddable":true,"href":"https:\/\/zekisari.com\/index.php\/wp-json\/wp\/v2\/product_tag?post=12612"}],"curies":[{"name":"wp","href":"https:\/\/api.w.org\/{rel}","templated":true}]}}