{"id":12429,"date":"2025-11-28T16:29:15","date_gmt":"2025-11-28T16:29:15","guid":{"rendered":"https:\/\/zekisari.com\/?post_type=product&#038;p=12429"},"modified":"2026-01-15T21:12:13","modified_gmt":"2026-01-15T21:12:13","slug":"banzai-yatak-odasi","status":"publish","type":"product","link":"https:\/\/zekisari.com\/index.php\/product\/banzai-yatak-odasi\/","title":{"rendered":"Banzai Yatak Odas\u0131"},"content":{"rendered":"\n<table id=\"tablepress-62\" class=\"tablepress tablepress-id-62\">\n<thead>\n<tr class=\"row-1\">\n\t<th class=\"column-1\">\u00dcr\u00fcn<\/th><th class=\"column-2\">Geni\u015flik (cm)<\/th><th class=\"column-3\">Y\u00fckseklik (cm)<\/th><th class=\"column-4\">Derinlik (cm)<\/th>\n<\/tr>\n<\/thead>\n<tbody>\n<tr class=\"row-2\">\n\t<td class=\"column-1\">2 Kap\u0131l\u0131 \u00c7ekmeceli Dolap<\/td><td class=\"column-2\">80<\/td><td class=\"column-3\">217<\/td><td class=\"column-4\">56<\/td>\n<\/tr>\n<tr class=\"row-3\">\n\t<td class=\"column-1\">2 Kap\u0131l\u0131 Ask\u0131l\u0131kl\u0131 Dolap<\/td><td class=\"column-2\">80<\/td><td class=\"column-3\">217<\/td><td class=\"column-4\">56<\/td>\n<\/tr>\n<tr class=\"row-4\">\n\t<td class=\"column-1\">K\u00f6\u015fe Dolap<\/td><td class=\"column-2\">84x84<\/td><td class=\"column-3\">217<\/td><td class=\"column-4\">56<\/td>\n<\/tr>\n<tr class=\"row-5\">\n\t<td class=\"column-1\">Bazal\u0131 Karyola ve Ba\u015fl\u0131k (160 Cm)<\/td><td class=\"column-2\">185<\/td><td class=\"column-3\">111<\/td><td class=\"column-4\">221<\/td>\n<\/tr>\n<tr class=\"row-6\">\n\t<td class=\"column-1\">\u015eifonyer<\/td><td class=\"column-2\">135<\/td><td class=\"column-3\">80<\/td><td class=\"column-4\">42<\/td>\n<\/tr>\n<tr class=\"row-7\">\n\t<td class=\"column-1\">\u015eifonyer Ayna<\/td><td class=\"column-2\">88<\/td><td class=\"column-3\">95<\/td><td class=\"column-4\">5<\/td>\n<\/tr>\n<tr class=\"row-8\">\n\t<td class=\"column-1\">Komodin<\/td><td class=\"column-2\">65<\/td><td class=\"column-3\">43<\/td><td class=\"column-4\">42<\/td>\n<\/tr>\n<\/tbody>\n<\/table>\n\n","protected":false},"excerpt":{"rendered":"\u00dcr\u00fcnGeni\u015flik (cm)Y\u00fckseklik (cm)Derinlik (cm) 2 Kap\u0131l\u0131 \u00c7ekmeceli Dolap8021756 2 Kap\u0131l\u0131 Ask\u0131l\u0131kl\u0131 Dolap8021756 K\u00f6\u015fe Dolap84x8421756 Bazal\u0131 Karyola ve Ba\u015fl\u0131k (160 Cm)185111221","protected":false},"featured_media":12431,"template":"","meta":[],"product_brand":[],"product_cat":[79],"product_tag":[],"class_list":{"0":"post-12429","1":"product","2":"type-product","3":"status-publish","4":"has-post-thumbnail","6":"product_cat-yatak-odalari","8":"first","9":"instock","10":"shipping-taxable","11":"product-type-simple"},"_links":{"self":[{"href":"https:\/\/zekisari.com\/index.php\/wp-json\/wp\/v2\/product\/12429","targetHints":{"allow":["GET"]}}],"collection":[{"href":"https:\/\/zekisari.com\/index.php\/wp-json\/wp\/v2\/product"}],"about":[{"href":"https:\/\/zekisari.com\/index.php\/wp-json\/wp\/v2\/types\/product"}],"wp:featuredmedia":[{"embeddable":true,"href":"https:\/\/zekisari.com\/index.php\/wp-json\/wp\/v2\/media\/12431"}],"wp:attachment":[{"href":"https:\/\/zekisari.com\/index.php\/wp-json\/wp\/v2\/media?parent=12429"}],"wp:term":[{"taxonomy":"product_brand","embeddable":true,"href":"https:\/\/zekisari.com\/index.php\/wp-json\/wp\/v2\/product_brand?post=12429"},{"taxonomy":"product_cat","embeddable":true,"href":"https:\/\/zekisari.com\/index.php\/wp-json\/wp\/v2\/product_cat?post=12429"},{"taxonomy":"product_tag","embeddable":true,"href":"https:\/\/zekisari.com\/index.php\/wp-json\/wp\/v2\/product_tag?post=12429"}],"curies":[{"name":"wp","href":"https:\/\/api.w.org\/{rel}","templated":true}]}}