{"id":12367,"date":"2025-11-27T16:40:43","date_gmt":"2025-11-27T16:40:43","guid":{"rendered":"https:\/\/zekisari.com\/?post_type=product&#038;p=12367"},"modified":"2026-02-25T18:32:58","modified_gmt":"2026-02-25T18:32:58","slug":"toya-koltuk-takimi","status":"publish","type":"product","link":"https:\/\/zekisari.com\/index.php\/product\/toya-koltuk-takimi\/","title":{"rendered":"Toya Koltuk Tak\u0131m\u0131"},"content":{"rendered":"\n<table id=\"tablepress-99\" class=\"tablepress tablepress-id-99\">\n<thead>\n<tr class=\"row-1\">\n\t<th class=\"column-1\">\u00dcr\u00fcn<\/th><th class=\"column-2\">Geni\u015flik (cm)<\/th><th class=\"column-3\">Y\u00fckseklik (cm)<\/th><th class=\"column-4\">Derinlik (cm)<\/th>\n<\/tr>\n<\/thead>\n<tbody>\n<tr class=\"row-2\">\n\t<td class=\"column-1\">\u00dc\u00e7l\u00fc Yatakl\u0131 Koltuk<\/td><td class=\"column-2\">240<\/td><td class=\"column-3\">80<\/td><td class=\"column-4\">100<\/td>\n<\/tr>\n<tr class=\"row-3\">\n\t<td class=\"column-1\">Berjer<\/td><td class=\"column-2\">85<\/td><td class=\"column-3\">80<\/td><td class=\"column-4\">95<\/td>\n<\/tr>\n<\/tbody>\n<\/table>\n<!-- #tablepress-99 from cache -->\n","protected":false},"excerpt":{"rendered":"\u00dcr\u00fcnGeni\u015flik (cm)Y\u00fckseklik (cm)Derinlik (cm) \u00dc\u00e7l\u00fc Yatakl\u0131 Koltuk24080100 Berjer858095","protected":false},"featured_media":12369,"template":"","meta":[],"product_brand":[],"product_cat":[74],"product_tag":[],"class_list":{"0":"post-12367","1":"product","2":"type-product","3":"status-publish","4":"has-post-thumbnail","6":"product_cat-koltuk-takimlari","8":"first","9":"instock","10":"shipping-taxable","11":"product-type-simple"},"_links":{"self":[{"href":"https:\/\/zekisari.com\/index.php\/wp-json\/wp\/v2\/product\/12367","targetHints":{"allow":["GET"]}}],"collection":[{"href":"https:\/\/zekisari.com\/index.php\/wp-json\/wp\/v2\/product"}],"about":[{"href":"https:\/\/zekisari.com\/index.php\/wp-json\/wp\/v2\/types\/product"}],"wp:featuredmedia":[{"embeddable":true,"href":"https:\/\/zekisari.com\/index.php\/wp-json\/wp\/v2\/media\/12369"}],"wp:attachment":[{"href":"https:\/\/zekisari.com\/index.php\/wp-json\/wp\/v2\/media?parent=12367"}],"wp:term":[{"taxonomy":"product_brand","embeddable":true,"href":"https:\/\/zekisari.com\/index.php\/wp-json\/wp\/v2\/product_brand?post=12367"},{"taxonomy":"product_cat","embeddable":true,"href":"https:\/\/zekisari.com\/index.php\/wp-json\/wp\/v2\/product_cat?post=12367"},{"taxonomy":"product_tag","embeddable":true,"href":"https:\/\/zekisari.com\/index.php\/wp-json\/wp\/v2\/product_tag?post=12367"}],"curies":[{"name":"wp","href":"https:\/\/api.w.org\/{rel}","templated":true}]}}