{"id":12342,"date":"2025-11-27T15:41:52","date_gmt":"2025-11-27T15:41:52","guid":{"rendered":"https:\/\/zekisari.com\/?post_type=product&#038;p=12342"},"modified":"2025-11-28T09:15:25","modified_gmt":"2025-11-28T09:15:25","slug":"toya-yemek-odasi","status":"publish","type":"product","link":"https:\/\/zekisari.com\/index.php\/product\/toya-yemek-odasi\/","title":{"rendered":"Toya Yemek Odas\u0131"},"content":{"rendered":"\n<table id=\"tablepress-59\" class=\"tablepress tablepress-id-59\">\n<thead>\n<tr class=\"row-1\">\n\t<th class=\"column-1\">\u00dcr\u00fcn<\/th><th class=\"column-2\">Geni\u015flik (cm)<\/th><th class=\"column-3\">Y\u00fckseklik (cm)<\/th><th class=\"column-4\">Derinlik (cm)<\/th>\n<\/tr>\n<\/thead>\n<tbody>\n<tr class=\"row-2\">\n\t<td class=\"column-1\">Konsol<\/td><td class=\"column-2\">209<\/td><td class=\"column-3\">82<\/td><td class=\"column-4\">45<\/td>\n<\/tr>\n<tr class=\"row-3\">\n\t<td class=\"column-1\">Konsol Ayna<\/td><td class=\"column-2\">68<\/td><td class=\"column-3\">85<\/td><td class=\"column-4\">5<\/td>\n<\/tr>\n<tr class=\"row-4\">\n\t<td class=\"column-1\">Sabit  Yemek Masas\u0131<\/td><td class=\"column-2\">200<\/td><td class=\"column-3\">77<\/td><td class=\"column-4\">95<\/td>\n<\/tr>\n<\/tbody>\n<\/table>\n\n","protected":false},"excerpt":{"rendered":"\u00dcr\u00fcnGeni\u015flik (cm)Y\u00fckseklik (cm)Derinlik (cm) Konsol2098245 Konsol Ayna68855 Sabit Yemek Masas\u01312007795","protected":false},"featured_media":12343,"template":"","meta":[],"product_brand":[],"product_cat":[76],"product_tag":[],"class_list":{"0":"post-12342","1":"product","2":"type-product","3":"status-publish","4":"has-post-thumbnail","6":"product_cat-yemek-odalari","8":"first","9":"instock","10":"shipping-taxable","11":"product-type-simple"},"_links":{"self":[{"href":"https:\/\/zekisari.com\/index.php\/wp-json\/wp\/v2\/product\/12342","targetHints":{"allow":["GET"]}}],"collection":[{"href":"https:\/\/zekisari.com\/index.php\/wp-json\/wp\/v2\/product"}],"about":[{"href":"https:\/\/zekisari.com\/index.php\/wp-json\/wp\/v2\/types\/product"}],"wp:featuredmedia":[{"embeddable":true,"href":"https:\/\/zekisari.com\/index.php\/wp-json\/wp\/v2\/media\/12343"}],"wp:attachment":[{"href":"https:\/\/zekisari.com\/index.php\/wp-json\/wp\/v2\/media?parent=12342"}],"wp:term":[{"taxonomy":"product_brand","embeddable":true,"href":"https:\/\/zekisari.com\/index.php\/wp-json\/wp\/v2\/product_brand?post=12342"},{"taxonomy":"product_cat","embeddable":true,"href":"https:\/\/zekisari.com\/index.php\/wp-json\/wp\/v2\/product_cat?post=12342"},{"taxonomy":"product_tag","embeddable":true,"href":"https:\/\/zekisari.com\/index.php\/wp-json\/wp\/v2\/product_tag?post=12342"}],"curies":[{"name":"wp","href":"https:\/\/api.w.org\/{rel}","templated":true}]}}