{"id":12294,"date":"2025-11-27T15:35:25","date_gmt":"2025-11-27T15:35:25","guid":{"rendered":"https:\/\/zekisari.com\/?post_type=product&#038;p=12294"},"modified":"2025-11-28T09:06:55","modified_gmt":"2025-11-28T09:06:55","slug":"toya-yatak-odasi","status":"publish","type":"product","link":"https:\/\/zekisari.com\/index.php\/product\/toya-yatak-odasi\/","title":{"rendered":"Toya Yatak Odas\u0131"},"content":{"rendered":"\n<table id=\"tablepress-58\" class=\"tablepress tablepress-id-58\">\n<thead>\n<tr class=\"row-1\">\n\t<th class=\"column-1\">\u00dcr\u00fcn<\/th><th class=\"column-2\">Geni\u015flik (cm)<\/th><th class=\"column-3\">Y\u00fckseklik (cm)<\/th><th class=\"column-4\">Derinlik (cm)<\/th>\n<\/tr>\n<\/thead>\n<tbody>\n<tr class=\"row-2\">\n\t<td class=\"column-1\">2 Kap\u0131l\u0131 Rafl\u0131 Ask\u0131l\u0131kl\u0131 Dolap<\/td><td class=\"column-2\">87<\/td><td class=\"column-3\">214<\/td><td class=\"column-4\">62<\/td>\n<\/tr>\n<tr class=\"row-3\">\n\t<td class=\"column-1\">2 Kap\u0131l\u0131 \u00c7ekmeceli Dolap<\/td><td class=\"column-2\">87<\/td><td class=\"column-3\">214<\/td><td class=\"column-4\">62<\/td>\n<\/tr>\n<tr class=\"row-4\">\n\t<td class=\"column-1\">2 Kap\u0131l\u0131 Pantolonluklu Dolap<\/td><td class=\"column-2\">87<\/td><td class=\"column-3\">214<\/td><td class=\"column-4\">62<\/td>\n<\/tr>\n<tr class=\"row-5\">\n\t<td class=\"column-1\">Bazal\u0131 Karyola ve Ba\u015fl\u0131k (160 Cm)<\/td><td class=\"column-2\">200<\/td><td class=\"column-3\">115<\/td><td class=\"column-4\">240<\/td>\n<\/tr>\n<tr class=\"row-6\">\n\t<td class=\"column-1\">\u00c7ama\u015f\u0131rl\u0131k<\/td><td class=\"column-2\">65<\/td><td class=\"column-3\">102<\/td><td class=\"column-4\">42<\/td>\n<\/tr>\n<tr class=\"row-7\">\n\t<td class=\"column-1\">\u015eifonyer<\/td><td class=\"column-2\">140<\/td><td class=\"column-3\">102<\/td><td class=\"column-4\">42<\/td>\n<\/tr>\n<tr class=\"row-8\">\n\t<td class=\"column-1\">\u015eifonyer Ayna<\/td><td class=\"column-2\">68<\/td><td class=\"column-3\">85<\/td><td class=\"column-4\">5<\/td>\n<\/tr>\n<tr class=\"row-9\">\n\t<td class=\"column-1\">Komodin<\/td><td class=\"column-2\">65<\/td><td class=\"column-3\">46<\/td><td class=\"column-4\">42<\/td>\n<\/tr>\n<tr class=\"row-10\">\n\t<td class=\"column-1\">Boy Aynas\u0131<\/td><td class=\"column-2\">45<\/td><td class=\"column-3\">172<\/td><td class=\"column-4\">47<\/td>\n<\/tr>\n<\/tbody>\n<\/table>\n<!-- #tablepress-58 from cache -->\n","protected":false},"excerpt":{"rendered":"\u00dcr\u00fcnGeni\u015flik (cm)Y\u00fckseklik (cm)Derinlik (cm) 2 Kap\u0131l\u0131 Rafl\u0131 Ask\u0131l\u0131kl\u0131 Dolap8721462 2 Kap\u0131l\u0131 \u00c7ekmeceli Dolap8721462 2 Kap\u0131l\u0131 Pantolonluklu Dolap8721462 Bazal\u0131 Karyola ve","protected":false},"featured_media":12295,"template":"","meta":[],"product_brand":[],"product_cat":[79],"product_tag":[],"class_list":{"0":"post-12294","1":"product","2":"type-product","3":"status-publish","4":"has-post-thumbnail","6":"product_cat-yatak-odalari","8":"first","9":"instock","10":"shipping-taxable","11":"product-type-simple"},"_links":{"self":[{"href":"https:\/\/zekisari.com\/index.php\/wp-json\/wp\/v2\/product\/12294","targetHints":{"allow":["GET"]}}],"collection":[{"href":"https:\/\/zekisari.com\/index.php\/wp-json\/wp\/v2\/product"}],"about":[{"href":"https:\/\/zekisari.com\/index.php\/wp-json\/wp\/v2\/types\/product"}],"wp:featuredmedia":[{"embeddable":true,"href":"https:\/\/zekisari.com\/index.php\/wp-json\/wp\/v2\/media\/12295"}],"wp:attachment":[{"href":"https:\/\/zekisari.com\/index.php\/wp-json\/wp\/v2\/media?parent=12294"}],"wp:term":[{"taxonomy":"product_brand","embeddable":true,"href":"https:\/\/zekisari.com\/index.php\/wp-json\/wp\/v2\/product_brand?post=12294"},{"taxonomy":"product_cat","embeddable":true,"href":"https:\/\/zekisari.com\/index.php\/wp-json\/wp\/v2\/product_cat?post=12294"},{"taxonomy":"product_tag","embeddable":true,"href":"https:\/\/zekisari.com\/index.php\/wp-json\/wp\/v2\/product_tag?post=12294"}],"curies":[{"name":"wp","href":"https:\/\/api.w.org\/{rel}","templated":true}]}}