{"id":12204,"date":"2025-11-21T15:52:24","date_gmt":"2025-11-21T15:52:24","guid":{"rendered":"https:\/\/zekisari.com\/?post_type=product&#038;p=12204"},"modified":"2025-11-21T16:33:44","modified_gmt":"2025-11-21T16:33:44","slug":"life-kose-takimi","status":"publish","type":"product","link":"https:\/\/zekisari.com\/index.php\/product\/life-kose-takimi\/","title":{"rendered":"Life K\u00f6\u015fe Tak\u0131m\u0131"},"content":{"rendered":"\n<table id=\"tablepress-56\" class=\"tablepress tablepress-id-56\">\n<thead>\n<tr class=\"row-1\">\n\t<th class=\"column-1\">\u00dcr\u00fcn<\/th><th class=\"column-2\">Geni\u015flik (cm)<\/th><th class=\"column-3\">Y\u00fckseklik (cm)<\/th><th class=\"column-4\">Derinlik (cm)<\/th>\n<\/tr>\n<\/thead>\n<tbody>\n<tr class=\"row-2\">\n\t<td class=\"column-1\">K\u00f6\u015fe Kollu Mod\u00fcl<\/td><td class=\"column-2\">120<\/td><td class=\"column-3\">80<\/td><td class=\"column-4\">100<\/td>\n<\/tr>\n<tr class=\"row-3\">\n\t<td class=\"column-1\">K\u00f6\u015fe 70 Cm Mod\u00fcl<\/td><td class=\"column-2\">70<\/td><td class=\"column-3\">80<\/td><td class=\"column-4\">100<\/td>\n<\/tr>\n<tr class=\"row-4\">\n\t<td class=\"column-1\">K\u00f6\u015fe 90 Cm Mod\u00fcl<\/td><td class=\"column-2\">90<\/td><td class=\"column-3\">80<\/td><td class=\"column-4\">100<\/td>\n<\/tr>\n<tr class=\"row-5\">\n\t<td class=\"column-1\">K\u00f6\u015fe Puf Mod\u00fcl<\/td><td class=\"column-2\">50<\/td><td class=\"column-3\">70<\/td><td class=\"column-4\">100<\/td>\n<\/tr>\n<tr class=\"row-6\">\n\t<td class=\"column-1\">K\u00f6\u015fe Mod\u00fcl<\/td><td class=\"column-2\">120x120<\/td><td class=\"column-3\">80<\/td><td class=\"column-4\">100<\/td>\n<\/tr>\n<tr class=\"row-7\">\n\t<td class=\"column-1\">Berjer<\/td><td class=\"column-2\">85<\/td><td class=\"column-3\">75<\/td><td class=\"column-4\">90<\/td>\n<\/tr>\n<\/tbody>\n<\/table>\n<!-- #tablepress-56 from cache -->\n","protected":false},"excerpt":{"rendered":"\u00dcr\u00fcnGeni\u015flik (cm)Y\u00fckseklik (cm)Derinlik (cm) K\u00f6\u015fe Kollu Mod\u00fcl12080100 K\u00f6\u015fe 70 Cm Mod\u00fcl7080100 K\u00f6\u015fe 90 Cm Mod\u00fcl9080100 K\u00f6\u015fe Puf Mod\u00fcl5070100 K\u00f6\u015fe Mod\u00fcl120x12080100","protected":false},"featured_media":12205,"template":"","meta":[],"product_brand":[],"product_cat":[75],"product_tag":[],"class_list":{"0":"post-12204","1":"product","2":"type-product","3":"status-publish","4":"has-post-thumbnail","6":"product_cat-kose-koltuk-takimlari","8":"first","9":"instock","10":"shipping-taxable","11":"product-type-simple"},"_links":{"self":[{"href":"https:\/\/zekisari.com\/index.php\/wp-json\/wp\/v2\/product\/12204","targetHints":{"allow":["GET"]}}],"collection":[{"href":"https:\/\/zekisari.com\/index.php\/wp-json\/wp\/v2\/product"}],"about":[{"href":"https:\/\/zekisari.com\/index.php\/wp-json\/wp\/v2\/types\/product"}],"wp:featuredmedia":[{"embeddable":true,"href":"https:\/\/zekisari.com\/index.php\/wp-json\/wp\/v2\/media\/12205"}],"wp:attachment":[{"href":"https:\/\/zekisari.com\/index.php\/wp-json\/wp\/v2\/media?parent=12204"}],"wp:term":[{"taxonomy":"product_brand","embeddable":true,"href":"https:\/\/zekisari.com\/index.php\/wp-json\/wp\/v2\/product_brand?post=12204"},{"taxonomy":"product_cat","embeddable":true,"href":"https:\/\/zekisari.com\/index.php\/wp-json\/wp\/v2\/product_cat?post=12204"},{"taxonomy":"product_tag","embeddable":true,"href":"https:\/\/zekisari.com\/index.php\/wp-json\/wp\/v2\/product_tag?post=12204"}],"curies":[{"name":"wp","href":"https:\/\/api.w.org\/{rel}","templated":true}]}}