{"id":12139,"date":"2025-10-31T07:48:46","date_gmt":"2025-10-31T07:48:46","guid":{"rendered":"https:\/\/zekisari.com\/?post_type=product&#038;p=12139"},"modified":"2025-10-31T07:48:46","modified_gmt":"2025-10-31T07:48:46","slug":"banzai-koltuk-takimi","status":"publish","type":"product","link":"https:\/\/zekisari.com\/index.php\/product\/banzai-koltuk-takimi\/","title":{"rendered":"Banzai Koltuk Tak\u0131m\u0131"},"content":{"rendered":"\n<table id=\"tablepress-48\" class=\"tablepress tablepress-id-48\">\n<thead>\n<tr class=\"row-1\">\n\t<th class=\"column-1\">\u00dcr\u00fcn<\/th><th class=\"column-2\">Geni\u015flik (cm)<\/th><th class=\"column-3\">Y\u00fckseklik (cm)<\/th><th class=\"column-4\">Derinlik (cm)<\/th>\n<\/tr>\n<\/thead>\n<tbody>\n<tr class=\"row-2\">\n\t<td class=\"column-1\">\u00dc\u00e7l\u00fc Yatakl\u0131 Koltuk<\/td><td class=\"column-2\">240<\/td><td class=\"column-3\">82<\/td><td class=\"column-4\">100<\/td>\n<\/tr>\n<tr class=\"row-3\">\n\t<td class=\"column-1\">\u0130kili Koltuk<\/td><td class=\"column-2\">200<\/td><td class=\"column-3\">82<\/td><td class=\"column-4\">100<\/td>\n<\/tr>\n<tr class=\"row-4\">\n\t<td class=\"column-1\">Berjer<\/td><td class=\"column-2\">85<\/td><td class=\"column-3\">70<\/td><td class=\"column-4\">94<\/td>\n<\/tr>\n<\/tbody>\n<\/table>\n<!-- #tablepress-48 from cache -->\n","protected":false},"excerpt":{"rendered":"\u00dcr\u00fcnGeni\u015flik (cm)Y\u00fckseklik (cm)Derinlik (cm) \u00dc\u00e7l\u00fc Yatakl\u0131 Koltuk24082100 \u0130kili Koltuk20082100 Berjer857094","protected":false},"featured_media":12141,"template":"","meta":[],"product_brand":[],"product_cat":[74],"product_tag":[],"class_list":{"0":"post-12139","1":"product","2":"type-product","3":"status-publish","4":"has-post-thumbnail","6":"product_cat-koltuk-takimlari","8":"first","9":"instock","10":"shipping-taxable","11":"product-type-simple"},"_links":{"self":[{"href":"https:\/\/zekisari.com\/index.php\/wp-json\/wp\/v2\/product\/12139","targetHints":{"allow":["GET"]}}],"collection":[{"href":"https:\/\/zekisari.com\/index.php\/wp-json\/wp\/v2\/product"}],"about":[{"href":"https:\/\/zekisari.com\/index.php\/wp-json\/wp\/v2\/types\/product"}],"wp:featuredmedia":[{"embeddable":true,"href":"https:\/\/zekisari.com\/index.php\/wp-json\/wp\/v2\/media\/12141"}],"wp:attachment":[{"href":"https:\/\/zekisari.com\/index.php\/wp-json\/wp\/v2\/media?parent=12139"}],"wp:term":[{"taxonomy":"product_brand","embeddable":true,"href":"https:\/\/zekisari.com\/index.php\/wp-json\/wp\/v2\/product_brand?post=12139"},{"taxonomy":"product_cat","embeddable":true,"href":"https:\/\/zekisari.com\/index.php\/wp-json\/wp\/v2\/product_cat?post=12139"},{"taxonomy":"product_tag","embeddable":true,"href":"https:\/\/zekisari.com\/index.php\/wp-json\/wp\/v2\/product_tag?post=12139"}],"curies":[{"name":"wp","href":"https:\/\/api.w.org\/{rel}","templated":true}]}}