{"id":11679,"date":"2025-09-20T08:39:24","date_gmt":"2025-09-20T08:39:24","guid":{"rendered":"https:\/\/zekisari.com\/?post_type=product&#038;p=11679"},"modified":"2025-11-08T14:17:52","modified_gmt":"2025-11-08T14:17:52","slug":"versay-yatak-odasi","status":"publish","type":"product","link":"https:\/\/zekisari.com\/index.php\/product\/versay-yatak-odasi\/","title":{"rendered":"Versay Yatak Odas\u0131"},"content":{"rendered":"\n<table id=\"tablepress-50\" class=\"tablepress tablepress-id-50\">\n<thead>\n<tr class=\"row-1\">\n\t<th class=\"column-1\">\u00dcr\u00fcn<\/th><th class=\"column-2\">Geni\u015flik (cm)<\/th><th class=\"column-3\">Y\u00fckseklik (cm)<\/th><th class=\"column-4\">Derinlik (cm)<\/th>\n<\/tr>\n<\/thead>\n<tbody>\n<tr class=\"row-2\">\n\t<td class=\"column-1\">180 Cm Dolap<\/td><td class=\"column-2\">180<\/td><td class=\"column-3\">221<\/td><td class=\"column-4\">58<\/td>\n<\/tr>\n<tr class=\"row-3\">\n\t<td class=\"column-1\">2 Kap\u0131l\u0131 Dolap<\/td><td class=\"column-2\">90<\/td><td class=\"column-3\">221<\/td><td class=\"column-4\">58<\/td>\n<\/tr>\n<tr class=\"row-4\">\n\t<td class=\"column-1\">K\u00f6\u015fe Dolap<\/td><td class=\"column-2\">90x90<\/td><td class=\"column-3\">221<\/td><td class=\"column-4\">58<\/td>\n<\/tr>\n<tr class=\"row-5\">\n\t<td class=\"column-1\">Tek Kap\u0131l\u0131 45 CmDolap<\/td><td class=\"column-2\">45<\/td><td class=\"column-3\">221<\/td><td class=\"column-4\">58<\/td>\n<\/tr>\n<tr class=\"row-6\">\n\t<td class=\"column-1\">Tek Kap\u0131l\u0131 55 CmDolap<\/td><td class=\"column-2\">55<\/td><td class=\"column-3\">221<\/td><td class=\"column-4\">58<\/td>\n<\/tr>\n<tr class=\"row-7\">\n\t<td class=\"column-1\">Bazal\u0131 Karyola ve Ba\u015fl\u0131k (160 Cm)<\/td><td class=\"column-2\">173<\/td><td class=\"column-3\">122<\/td><td class=\"column-4\">216<\/td>\n<\/tr>\n<tr class=\"row-8\">\n\t<td class=\"column-1\">Bazal\u0131 Karyola ve Ba\u015fl\u0131k (180 Cm)<\/td><td class=\"column-2\">193<\/td><td class=\"column-3\">122<\/td><td class=\"column-4\">216<\/td>\n<\/tr>\n<tr class=\"row-9\">\n\t<td class=\"column-1\">\u00c7ama\u015f\u0131rl\u0131k<\/td><td class=\"column-2\">61<\/td><td class=\"column-3\">95<\/td><td class=\"column-4\">46<\/td>\n<\/tr>\n<tr class=\"row-10\">\n\t<td class=\"column-1\">\u015eifonyer<\/td><td class=\"column-2\">137<\/td><td class=\"column-3\">95<\/td><td class=\"column-4\">46<\/td>\n<\/tr>\n<tr class=\"row-11\">\n\t<td class=\"column-1\">\u015eifonyer Ayna<\/td><td class=\"column-2\">62<\/td><td class=\"column-3\">87<\/td><td class=\"column-4\">4<\/td>\n<\/tr>\n<tr class=\"row-12\">\n\t<td class=\"column-1\">Komodin<\/td><td class=\"column-2\">62<\/td><td class=\"column-3\">53<\/td><td class=\"column-4\">46<\/td>\n<\/tr>\n<tr class=\"row-13\">\n\t<td class=\"column-1\">Komodin Pano<\/td><td class=\"column-2\">63<\/td><td class=\"column-3\">122<\/td><td class=\"column-4\">11<\/td>\n<\/tr>\n<tr class=\"row-14\">\n\t<td class=\"column-1\">160'l\u0131k Karyola Ba\u015f Ucu Ek Pano Mod\u00fcl<\/td><td class=\"column-2\">173<\/td><td class=\"column-3\">35<\/td><td class=\"column-4\">11<\/td>\n<\/tr>\n<tr class=\"row-15\">\n\t<td class=\"column-1\">180'l\u0131k Karyola Ba\u015f Ucu Ek Pano Mod\u00fcl<\/td><td class=\"column-2\">193<\/td><td class=\"column-3\">35<\/td><td class=\"column-4\">11<\/td>\n<\/tr>\n<tr class=\"row-16\">\n\t<td class=\"column-1\">Komodin Pano Ek Mod\u00fcl<\/td><td class=\"column-2\">63<\/td><td class=\"column-3\">35<\/td><td class=\"column-4\">11<\/td>\n<\/tr>\n<\/tbody>\n<\/table>\n\n","protected":false},"excerpt":{"rendered":"\u00dcr\u00fcnGeni\u015flik (cm)Y\u00fckseklik (cm)Derinlik (cm) 180 Cm Dolap18022158 2 Kap\u0131l\u0131 Dolap9022158 K\u00f6\u015fe Dolap90x9022158 Tek Kap\u0131l\u0131 45 CmDolap4522158 Tek Kap\u0131l\u0131 55 CmDolap5522158","protected":false},"featured_media":11737,"template":"","meta":[],"product_brand":[],"product_cat":[79],"product_tag":[],"class_list":{"0":"post-11679","1":"product","2":"type-product","3":"status-publish","4":"has-post-thumbnail","6":"product_cat-yatak-odalari","8":"first","9":"instock","10":"shipping-taxable","11":"product-type-simple"},"_links":{"self":[{"href":"https:\/\/zekisari.com\/index.php\/wp-json\/wp\/v2\/product\/11679","targetHints":{"allow":["GET"]}}],"collection":[{"href":"https:\/\/zekisari.com\/index.php\/wp-json\/wp\/v2\/product"}],"about":[{"href":"https:\/\/zekisari.com\/index.php\/wp-json\/wp\/v2\/types\/product"}],"wp:featuredmedia":[{"embeddable":true,"href":"https:\/\/zekisari.com\/index.php\/wp-json\/wp\/v2\/media\/11737"}],"wp:attachment":[{"href":"https:\/\/zekisari.com\/index.php\/wp-json\/wp\/v2\/media?parent=11679"}],"wp:term":[{"taxonomy":"product_brand","embeddable":true,"href":"https:\/\/zekisari.com\/index.php\/wp-json\/wp\/v2\/product_brand?post=11679"},{"taxonomy":"product_cat","embeddable":true,"href":"https:\/\/zekisari.com\/index.php\/wp-json\/wp\/v2\/product_cat?post=11679"},{"taxonomy":"product_tag","embeddable":true,"href":"https:\/\/zekisari.com\/index.php\/wp-json\/wp\/v2\/product_tag?post=11679"}],"curies":[{"name":"wp","href":"https:\/\/api.w.org\/{rel}","templated":true}]}}