{"id":11613,"date":"2025-08-23T14:30:25","date_gmt":"2025-08-23T14:30:25","guid":{"rendered":"https:\/\/zekisari.com\/?post_type=product&#038;p=11613"},"modified":"2026-02-26T20:22:31","modified_gmt":"2026-02-26T20:22:31","slug":"raby-yatak-odasi","status":"publish","type":"product","link":"https:\/\/zekisari.com\/index.php\/product\/raby-yatak-odasi\/","title":{"rendered":"Raby Yatak Odas\u0131"},"content":{"rendered":"\n<table id=\"tablepress-115\" class=\"tablepress tablepress-id-115\">\n<thead>\n<tr class=\"row-1\">\n\t<th class=\"column-1\">\u00dcr\u00fcn<\/th><th class=\"column-2\">Geni\u015flik (cm)<\/th><th class=\"column-3\">Y\u00fckseklik (cm)<\/th><th class=\"column-4\">Derinlik (cm)<\/th>\n<\/tr>\n<\/thead>\n<tbody>\n<tr class=\"row-2\">\n\t<td class=\"column-1\">6 Kap\u0131l\u0131 Gardrop<\/td><td class=\"column-2\">242<\/td><td class=\"column-3\">219<\/td><td class=\"column-4\">56<\/td>\n<\/tr>\n<tr class=\"row-3\">\n\t<td class=\"column-1\">Bazal\u0131 Karyola ve Ba\u015fl\u0131k (160 Cm)<\/td><td class=\"column-2\">225<\/td><td class=\"column-3\">104<\/td><td class=\"column-4\">225<\/td>\n<\/tr>\n<tr class=\"row-4\">\n\t<td class=\"column-1\">\u015eifonyer<\/td><td class=\"column-2\">135<\/td><td class=\"column-3\">78<\/td><td class=\"column-4\">43<\/td>\n<\/tr>\n<tr class=\"row-5\">\n\t<td class=\"column-1\">\u015eifonyer Ayna<\/td><td class=\"column-2\">60<\/td><td class=\"column-3\">81<\/td><td class=\"column-4\">3<\/td>\n<\/tr>\n<tr class=\"row-6\">\n\t<td class=\"column-1\">Komodin<\/td><td class=\"column-2\">63<\/td><td class=\"column-3\">42<\/td><td class=\"column-4\">44<\/td>\n<\/tr>\n<\/tbody>\n<\/table>\n<!-- #tablepress-115 from cache -->\n","protected":false},"excerpt":{"rendered":"\u00dcr\u00fcnGeni\u015flik (cm)Y\u00fckseklik (cm)Derinlik (cm) 6 Kap\u0131l\u0131 Gardrop24221956 Bazal\u0131 Karyola ve Ba\u015fl\u0131k (160 Cm)225104225 \u015eifonyer1357843 \u015eifonyer Ayna60813 Komodin634244","protected":false},"featured_media":11614,"template":"","meta":[],"product_brand":[],"product_cat":[79],"product_tag":[],"class_list":{"0":"post-11613","1":"product","2":"type-product","3":"status-publish","4":"has-post-thumbnail","6":"product_cat-yatak-odalari","8":"first","9":"instock","10":"shipping-taxable","11":"product-type-simple"},"_links":{"self":[{"href":"https:\/\/zekisari.com\/index.php\/wp-json\/wp\/v2\/product\/11613","targetHints":{"allow":["GET"]}}],"collection":[{"href":"https:\/\/zekisari.com\/index.php\/wp-json\/wp\/v2\/product"}],"about":[{"href":"https:\/\/zekisari.com\/index.php\/wp-json\/wp\/v2\/types\/product"}],"wp:featuredmedia":[{"embeddable":true,"href":"https:\/\/zekisari.com\/index.php\/wp-json\/wp\/v2\/media\/11614"}],"wp:attachment":[{"href":"https:\/\/zekisari.com\/index.php\/wp-json\/wp\/v2\/media?parent=11613"}],"wp:term":[{"taxonomy":"product_brand","embeddable":true,"href":"https:\/\/zekisari.com\/index.php\/wp-json\/wp\/v2\/product_brand?post=11613"},{"taxonomy":"product_cat","embeddable":true,"href":"https:\/\/zekisari.com\/index.php\/wp-json\/wp\/v2\/product_cat?post=11613"},{"taxonomy":"product_tag","embeddable":true,"href":"https:\/\/zekisari.com\/index.php\/wp-json\/wp\/v2\/product_tag?post=11613"}],"curies":[{"name":"wp","href":"https:\/\/api.w.org\/{rel}","templated":true}]}}