{"id":11546,"date":"2025-08-22T17:03:56","date_gmt":"2025-08-22T17:03:56","guid":{"rendered":"https:\/\/zekisari.com\/?post_type=product&#038;p=11546"},"modified":"2025-10-29T11:11:35","modified_gmt":"2025-10-29T11:11:35","slug":"rennes-tv-unitesi","status":"publish","type":"product","link":"https:\/\/zekisari.com\/index.php\/product\/rennes-tv-unitesi\/","title":{"rendered":"Rennes Tv \u00dcnitesi"},"content":{"rendered":"\n<table id=\"tablepress-38\" class=\"tablepress tablepress-id-38\">\n<thead>\n<tr class=\"row-1\">\n\t<th class=\"column-1\">\u00dcr\u00fcn<\/th><th class=\"column-2\">Geni\u015flik (cm)<\/th><th class=\"column-3\">Y\u00fckseklik (cm)<\/th><th class=\"column-4\">Derinlik (cm)<\/th>\n<\/tr>\n<\/thead>\n<tbody>\n<tr class=\"row-2\">\n\t<td class=\"column-1\">Tv \u00dcnite Alt Mod\u00fcl<\/td><td class=\"column-2\">220<\/td><td class=\"column-3\">58<\/td><td class=\"column-4\">50<\/td>\n<\/tr>\n<\/tbody>\n<\/table>\n\n","protected":false},"excerpt":{"rendered":"\u00dcr\u00fcnGeni\u015flik (cm)Y\u00fckseklik (cm)Derinlik (cm) Tv \u00dcnite Alt Mod\u00fcl2205850","protected":false},"featured_media":11547,"template":"","meta":[],"product_brand":[],"product_cat":[78],"product_tag":[],"class_list":{"0":"post-11546","1":"product","2":"type-product","3":"status-publish","4":"has-post-thumbnail","6":"product_cat-tv-uniteleri","8":"first","9":"instock","10":"shipping-taxable","11":"product-type-simple"},"_links":{"self":[{"href":"https:\/\/zekisari.com\/index.php\/wp-json\/wp\/v2\/product\/11546","targetHints":{"allow":["GET"]}}],"collection":[{"href":"https:\/\/zekisari.com\/index.php\/wp-json\/wp\/v2\/product"}],"about":[{"href":"https:\/\/zekisari.com\/index.php\/wp-json\/wp\/v2\/types\/product"}],"wp:featuredmedia":[{"embeddable":true,"href":"https:\/\/zekisari.com\/index.php\/wp-json\/wp\/v2\/media\/11547"}],"wp:attachment":[{"href":"https:\/\/zekisari.com\/index.php\/wp-json\/wp\/v2\/media?parent=11546"}],"wp:term":[{"taxonomy":"product_brand","embeddable":true,"href":"https:\/\/zekisari.com\/index.php\/wp-json\/wp\/v2\/product_brand?post=11546"},{"taxonomy":"product_cat","embeddable":true,"href":"https:\/\/zekisari.com\/index.php\/wp-json\/wp\/v2\/product_cat?post=11546"},{"taxonomy":"product_tag","embeddable":true,"href":"https:\/\/zekisari.com\/index.php\/wp-json\/wp\/v2\/product_tag?post=11546"}],"curies":[{"name":"wp","href":"https:\/\/api.w.org\/{rel}","templated":true}]}}