{"id":11506,"date":"2025-08-22T16:54:16","date_gmt":"2025-08-22T16:54:16","guid":{"rendered":"https:\/\/zekisari.com\/?post_type=product&#038;p=11506"},"modified":"2025-10-27T15:04:54","modified_gmt":"2025-10-27T15:04:54","slug":"rennes-koltuk-takimi","status":"publish","type":"product","link":"https:\/\/zekisari.com\/index.php\/product\/rennes-koltuk-takimi\/","title":{"rendered":"Rennes Koltuk Tak\u0131m\u0131"},"content":{"rendered":"\n<table id=\"tablepress-13\" class=\"tablepress tablepress-id-13\">\n<thead>\n<tr class=\"row-1\">\n\t<th class=\"column-1\">\u00dcr\u00fcn<\/th><th class=\"column-2\">Geni\u015flik (cm)<\/th><th class=\"column-3\">Y\u00fckseklik (cm)<\/th><th class=\"column-4\">Derinlik (cm)<\/th>\n<\/tr>\n<\/thead>\n<tbody>\n<tr class=\"row-2\">\n\t<td class=\"column-1\">295 Cm Koltuk<\/td><td class=\"column-2\">295<\/td><td class=\"column-3\">71<\/td><td class=\"column-4\">96<\/td>\n<\/tr>\n<tr class=\"row-3\">\n\t<td class=\"column-1\">255 Cm Koltuk<\/td><td class=\"column-2\">255<\/td><td class=\"column-3\">71<\/td><td class=\"column-4\">96<\/td>\n<\/tr>\n<tr class=\"row-4\">\n\t<td class=\"column-1\">235 Cm Koltuk<\/td><td class=\"column-2\">235<\/td><td class=\"column-3\">71<\/td><td class=\"column-4\">96<\/td>\n<\/tr>\n<tr class=\"row-5\">\n\t<td class=\"column-1\">200 Cm Koltuk<\/td><td class=\"column-2\">200<\/td><td class=\"column-3\">71<\/td><td class=\"column-4\">96<\/td>\n<\/tr>\n<tr class=\"row-6\">\n\t<td class=\"column-1\">Tekli Koltuk <\/td><td class=\"column-2\">98<\/td><td class=\"column-3\">80<\/td><td class=\"column-4\">85<\/td>\n<\/tr>\n<tr class=\"row-7\">\n\t<td class=\"column-1\">Berjer<\/td><td class=\"column-2\">90<\/td><td class=\"column-3\">80<\/td><td class=\"column-4\">78<\/td>\n<\/tr>\n<tr class=\"row-8\">\n\t<td class=\"column-1\">Ara Mod\u00fcl<\/td><td class=\"column-2\">50<\/td><td class=\"column-3\">43<\/td><td class=\"column-4\">96<\/td>\n<\/tr>\n<\/tbody>\n<\/table>\n\n","protected":false},"excerpt":{"rendered":"\u00dcr\u00fcnGeni\u015flik (cm)Y\u00fckseklik (cm)Derinlik (cm) 295 Cm Koltuk2957196 255 Cm Koltuk2557196 235 Cm Koltuk2357196 200 Cm Koltuk2007196 Tekli Koltuk 988085 Berjer908078","protected":false},"featured_media":11507,"template":"","meta":[],"product_brand":[],"product_cat":[74],"product_tag":[],"class_list":{"0":"post-11506","1":"product","2":"type-product","3":"status-publish","4":"has-post-thumbnail","6":"product_cat-koltuk-takimlari","8":"first","9":"instock","10":"shipping-taxable","11":"product-type-simple"},"_links":{"self":[{"href":"https:\/\/zekisari.com\/index.php\/wp-json\/wp\/v2\/product\/11506","targetHints":{"allow":["GET"]}}],"collection":[{"href":"https:\/\/zekisari.com\/index.php\/wp-json\/wp\/v2\/product"}],"about":[{"href":"https:\/\/zekisari.com\/index.php\/wp-json\/wp\/v2\/types\/product"}],"wp:featuredmedia":[{"embeddable":true,"href":"https:\/\/zekisari.com\/index.php\/wp-json\/wp\/v2\/media\/11507"}],"wp:attachment":[{"href":"https:\/\/zekisari.com\/index.php\/wp-json\/wp\/v2\/media?parent=11506"}],"wp:term":[{"taxonomy":"product_brand","embeddable":true,"href":"https:\/\/zekisari.com\/index.php\/wp-json\/wp\/v2\/product_brand?post=11506"},{"taxonomy":"product_cat","embeddable":true,"href":"https:\/\/zekisari.com\/index.php\/wp-json\/wp\/v2\/product_cat?post=11506"},{"taxonomy":"product_tag","embeddable":true,"href":"https:\/\/zekisari.com\/index.php\/wp-json\/wp\/v2\/product_tag?post=11506"}],"curies":[{"name":"wp","href":"https:\/\/api.w.org\/{rel}","templated":true}]}}