{"id":11420,"date":"2025-08-19T10:13:26","date_gmt":"2025-08-19T10:13:26","guid":{"rendered":"https:\/\/zekisari.com\/?post_type=product&#038;p=11420"},"modified":"2025-11-08T14:35:33","modified_gmt":"2025-11-08T14:35:33","slug":"vanni-yatak-odasi","status":"publish","type":"product","link":"https:\/\/zekisari.com\/index.php\/product\/vanni-yatak-odasi\/","title":{"rendered":"Vanni Yatak Odas\u0131"},"content":{"rendered":"\n<table id=\"tablepress-51\" class=\"tablepress tablepress-id-51\">\n<thead>\n<tr class=\"row-1\">\n\t<th class=\"column-1\">\u00dcr\u00fcn<\/th><th class=\"column-2\">Geni\u015flik (cm)<\/th><th class=\"column-3\">Y\u00fckseklik (cm)<\/th><th class=\"column-4\">Derinlik (cm)<\/th>\n<\/tr>\n<\/thead>\n<tbody>\n<tr class=\"row-2\">\n\t<td class=\"column-1\">200 Cm Dolap<\/td><td class=\"column-2\">200<\/td><td class=\"column-3\">230<\/td><td class=\"column-4\">60<\/td>\n<\/tr>\n<tr class=\"row-3\">\n\t<td class=\"column-1\">2 Kap\u0131l\u0131 Dolap<\/td><td class=\"column-2\">100<\/td><td class=\"column-3\">230<\/td><td class=\"column-4\">60<\/td>\n<\/tr>\n<tr class=\"row-4\">\n\t<td class=\"column-1\">K\u00f6\u015fe Dolap<\/td><td class=\"column-2\">95x95<\/td><td class=\"column-3\">230<\/td><td class=\"column-4\">60<\/td>\n<\/tr>\n<tr class=\"row-5\">\n\t<td class=\"column-1\">Tek Kap\u0131l\u0131 Dolap<\/td><td class=\"column-2\">50<\/td><td class=\"column-3\">230<\/td><td class=\"column-4\">60<\/td>\n<\/tr>\n<tr class=\"row-6\">\n\t<td class=\"column-1\">25 Cm Dolap<\/td><td class=\"column-2\">25<\/td><td class=\"column-3\">230<\/td><td class=\"column-4\">60<\/td>\n<\/tr>\n<tr class=\"row-7\">\n\t<td class=\"column-1\">Bazal\u0131 Karyola ve Ba\u015fl\u0131k (160 Cm)<\/td><td class=\"column-2\">195<\/td><td class=\"column-3\">135<\/td><td class=\"column-4\">224<\/td>\n<\/tr>\n<tr class=\"row-8\">\n\t<td class=\"column-1\">Bazal\u0131 Karyola ve Ba\u015fl\u0131k (180 Cm)<\/td><td class=\"column-2\">215<\/td><td class=\"column-3\">135<\/td><td class=\"column-4\">224<\/td>\n<\/tr>\n<tr class=\"row-9\">\n\t<td class=\"column-1\">\u00c7ama\u015f\u0131rl\u0131k<\/td><td class=\"column-2\">75<\/td><td class=\"column-3\">107<\/td><td class=\"column-4\">45<\/td>\n<\/tr>\n<tr class=\"row-10\">\n\t<td class=\"column-1\">\u015eifonyer<\/td><td class=\"column-2\">140<\/td><td class=\"column-3\">90<\/td><td class=\"column-4\">47<\/td>\n<\/tr>\n<tr class=\"row-11\">\n\t<td class=\"column-1\">\u015eifonyer Ayna<\/td><td class=\"column-2\"><\/td><td class=\"column-3\"><\/td><td class=\"column-4\">4<\/td>\n<\/tr>\n<tr class=\"row-12\">\n\t<td class=\"column-1\">Komodin<\/td><td class=\"column-2\">50<\/td><td class=\"column-3\">50<\/td><td class=\"column-4\">47<\/td>\n<\/tr>\n<tr class=\"row-13\">\n\t<td class=\"column-1\">Komodin Pano<\/td><td class=\"column-2\">50<\/td><td class=\"column-3\">135<\/td><td class=\"column-4\">11<\/td>\n<\/tr>\n<tr class=\"row-14\">\n\t<td class=\"column-1\">Bench<\/td><td class=\"column-2\">146<\/td><td class=\"column-3\">49<\/td><td class=\"column-4\">48<\/td>\n<\/tr>\n<\/tbody>\n<\/table>\n<!-- #tablepress-51 from cache -->\n","protected":false},"excerpt":{"rendered":"\u00dcr\u00fcnGeni\u015flik (cm)Y\u00fckseklik (cm)Derinlik (cm) 200 Cm Dolap20023060 2 Kap\u0131l\u0131 Dolap10023060 K\u00f6\u015fe Dolap95x9523060 Tek Kap\u0131l\u0131 Dolap5023060 25 Cm Dolap2523060 Bazal\u0131 Karyola","protected":false},"featured_media":11421,"template":"","meta":[],"product_brand":[],"product_cat":[79],"product_tag":[],"class_list":{"0":"post-11420","1":"product","2":"type-product","3":"status-publish","4":"has-post-thumbnail","6":"product_cat-yatak-odalari","8":"first","9":"instock","10":"shipping-taxable","11":"product-type-simple"},"_links":{"self":[{"href":"https:\/\/zekisari.com\/index.php\/wp-json\/wp\/v2\/product\/11420","targetHints":{"allow":["GET"]}}],"collection":[{"href":"https:\/\/zekisari.com\/index.php\/wp-json\/wp\/v2\/product"}],"about":[{"href":"https:\/\/zekisari.com\/index.php\/wp-json\/wp\/v2\/types\/product"}],"wp:featuredmedia":[{"embeddable":true,"href":"https:\/\/zekisari.com\/index.php\/wp-json\/wp\/v2\/media\/11421"}],"wp:attachment":[{"href":"https:\/\/zekisari.com\/index.php\/wp-json\/wp\/v2\/media?parent=11420"}],"wp:term":[{"taxonomy":"product_brand","embeddable":true,"href":"https:\/\/zekisari.com\/index.php\/wp-json\/wp\/v2\/product_brand?post=11420"},{"taxonomy":"product_cat","embeddable":true,"href":"https:\/\/zekisari.com\/index.php\/wp-json\/wp\/v2\/product_cat?post=11420"},{"taxonomy":"product_tag","embeddable":true,"href":"https:\/\/zekisari.com\/index.php\/wp-json\/wp\/v2\/product_tag?post=11420"}],"curies":[{"name":"wp","href":"https:\/\/api.w.org\/{rel}","templated":true}]}}