{"id":11182,"date":"2025-07-24T12:39:21","date_gmt":"2025-07-24T12:39:21","guid":{"rendered":"https:\/\/zekisari.com\/?post_type=product&#038;p=11182"},"modified":"2025-10-27T15:41:09","modified_gmt":"2025-10-27T15:41:09","slug":"zenon-koltuk-takimi","status":"publish","type":"product","link":"https:\/\/zekisari.com\/index.php\/product\/zenon-koltuk-takimi\/","title":{"rendered":"Zenon Koltuk Tak\u0131m\u0131"},"content":{"rendered":"\n<table id=\"tablepress-18\" class=\"tablepress tablepress-id-18\">\n<thead>\n<tr class=\"row-1\">\n\t<th class=\"column-1\">\u00dcr\u00fcn<\/th><th class=\"column-2\">Geni\u015flik (cm)<\/th><th class=\"column-3\">Y\u00fckseklik (cm)<\/th><th class=\"column-4\">Derinlik (cm)<\/th>\n<\/tr>\n<\/thead>\n<tbody>\n<tr class=\"row-2\">\n\t<td class=\"column-1\">272 Cm Koltuk<\/td><td class=\"column-2\">272<\/td><td class=\"column-3\">71<\/td><td class=\"column-4\">93<\/td>\n<\/tr>\n<tr class=\"row-3\">\n\t<td class=\"column-1\">242 Cm Koltuk<\/td><td class=\"column-2\">242<\/td><td class=\"column-3\">71<\/td><td class=\"column-4\">93<\/td>\n<\/tr>\n<tr class=\"row-4\">\n\t<td class=\"column-1\">212 Cm Koltuk<\/td><td class=\"column-2\">212<\/td><td class=\"column-3\">71<\/td><td class=\"column-4\">93<\/td>\n<\/tr>\n<tr class=\"row-5\">\n\t<td class=\"column-1\">Berjer<\/td><td class=\"column-2\">87<\/td><td class=\"column-3\">83<\/td><td class=\"column-4\">83<\/td>\n<\/tr>\n<tr class=\"row-6\">\n\t<td class=\"column-1\">Ara Mod\u00fcl<\/td><td class=\"column-2\">40<\/td><td class=\"column-3\">43<\/td><td class=\"column-4\">93<\/td>\n<\/tr>\n<\/tbody>\n<\/table>\n\n","protected":false},"excerpt":{"rendered":"\u00dcr\u00fcnGeni\u015flik (cm)Y\u00fckseklik (cm)Derinlik (cm) 272 Cm Koltuk2727193 242 Cm Koltuk2427193 212 Cm Koltuk2127193 Berjer878383 Ara Mod\u00fcl404393","protected":false},"featured_media":11183,"template":"","meta":[],"product_brand":[],"product_cat":[74],"product_tag":[],"class_list":{"0":"post-11182","1":"product","2":"type-product","3":"status-publish","4":"has-post-thumbnail","6":"product_cat-koltuk-takimlari","8":"first","9":"instock","10":"shipping-taxable","11":"product-type-simple"},"_links":{"self":[{"href":"https:\/\/zekisari.com\/index.php\/wp-json\/wp\/v2\/product\/11182","targetHints":{"allow":["GET"]}}],"collection":[{"href":"https:\/\/zekisari.com\/index.php\/wp-json\/wp\/v2\/product"}],"about":[{"href":"https:\/\/zekisari.com\/index.php\/wp-json\/wp\/v2\/types\/product"}],"wp:featuredmedia":[{"embeddable":true,"href":"https:\/\/zekisari.com\/index.php\/wp-json\/wp\/v2\/media\/11183"}],"wp:attachment":[{"href":"https:\/\/zekisari.com\/index.php\/wp-json\/wp\/v2\/media?parent=11182"}],"wp:term":[{"taxonomy":"product_brand","embeddable":true,"href":"https:\/\/zekisari.com\/index.php\/wp-json\/wp\/v2\/product_brand?post=11182"},{"taxonomy":"product_cat","embeddable":true,"href":"https:\/\/zekisari.com\/index.php\/wp-json\/wp\/v2\/product_cat?post=11182"},{"taxonomy":"product_tag","embeddable":true,"href":"https:\/\/zekisari.com\/index.php\/wp-json\/wp\/v2\/product_tag?post=11182"}],"curies":[{"name":"wp","href":"https:\/\/api.w.org\/{rel}","templated":true}]}}