{"id":11119,"date":"2025-06-29T10:10:17","date_gmt":"2025-06-29T10:10:17","guid":{"rendered":"https:\/\/zekisari.com\/?post_type=product&#038;p=11119"},"modified":"2025-10-28T17:24:27","modified_gmt":"2025-10-28T17:24:27","slug":"katanya-yemek-odasi","status":"publish","type":"product","link":"https:\/\/zekisari.com\/index.php\/product\/katanya-yemek-odasi\/","title":{"rendered":"Katanya Yemek Odas\u0131"},"content":{"rendered":"\n<table id=\"tablepress-20\" class=\"tablepress tablepress-id-20\">\n<thead>\n<tr class=\"row-1\">\n\t<th class=\"column-1\">\u00dcr\u00fcn<\/th><th class=\"column-2\">Geni\u015flik (cm)<\/th><th class=\"column-3\">Y\u00fckseklik (cm)<\/th><th class=\"column-4\">Derinlik (cm)<\/th>\n<\/tr>\n<\/thead>\n<tbody>\n<tr class=\"row-2\">\n\t<td class=\"column-1\">Konsol<\/td><td class=\"column-2\">219<\/td><td class=\"column-3\">82<\/td><td class=\"column-4\">50<\/td>\n<\/tr>\n<tr class=\"row-3\">\n\t<td class=\"column-1\">Konsol Ayna<\/td><td class=\"column-2\">45<\/td><td class=\"column-3\">80,5<\/td><td class=\"column-4\">2,2<\/td>\n<\/tr>\n<tr class=\"row-4\">\n\t<td class=\"column-1\">A\u00e7\u0131l\u0131r Yemek Masas\u0131<\/td><td class=\"column-2\">170<\/td><td class=\"column-3\">76<\/td><td class=\"column-4\">92<\/td>\n<\/tr>\n<\/tbody>\n<\/table>\n\n","protected":false},"excerpt":{"rendered":"\u00dcr\u00fcnGeni\u015flik (cm)Y\u00fckseklik (cm)Derinlik (cm) Konsol2198250 Konsol Ayna4580,52,2 A\u00e7\u0131l\u0131r Yemek Masas\u01311707692","protected":false},"featured_media":11120,"template":"","meta":[],"product_brand":[],"product_cat":[76],"product_tag":[],"class_list":{"0":"post-11119","1":"product","2":"type-product","3":"status-publish","4":"has-post-thumbnail","6":"product_cat-yemek-odalari","8":"first","9":"instock","10":"shipping-taxable","11":"product-type-simple"},"_links":{"self":[{"href":"https:\/\/zekisari.com\/index.php\/wp-json\/wp\/v2\/product\/11119","targetHints":{"allow":["GET"]}}],"collection":[{"href":"https:\/\/zekisari.com\/index.php\/wp-json\/wp\/v2\/product"}],"about":[{"href":"https:\/\/zekisari.com\/index.php\/wp-json\/wp\/v2\/types\/product"}],"wp:featuredmedia":[{"embeddable":true,"href":"https:\/\/zekisari.com\/index.php\/wp-json\/wp\/v2\/media\/11120"}],"wp:attachment":[{"href":"https:\/\/zekisari.com\/index.php\/wp-json\/wp\/v2\/media?parent=11119"}],"wp:term":[{"taxonomy":"product_brand","embeddable":true,"href":"https:\/\/zekisari.com\/index.php\/wp-json\/wp\/v2\/product_brand?post=11119"},{"taxonomy":"product_cat","embeddable":true,"href":"https:\/\/zekisari.com\/index.php\/wp-json\/wp\/v2\/product_cat?post=11119"},{"taxonomy":"product_tag","embeddable":true,"href":"https:\/\/zekisari.com\/index.php\/wp-json\/wp\/v2\/product_tag?post=11119"}],"curies":[{"name":"wp","href":"https:\/\/api.w.org\/{rel}","templated":true}]}}