{"id":10961,"date":"2025-06-28T17:15:41","date_gmt":"2025-06-28T17:15:41","guid":{"rendered":"https:\/\/zekisari.com\/?post_type=product&#038;p=10961"},"modified":"2026-02-22T21:13:29","modified_gmt":"2026-02-22T21:13:29","slug":"aosta-yatak-odasi","status":"publish","type":"product","link":"https:\/\/zekisari.com\/index.php\/product\/aosta-yatak-odasi\/","title":{"rendered":"Aosta Yatak Odas\u0131"},"content":{"rendered":"\n<table id=\"tablepress-45\" class=\"tablepress tablepress-id-45\">\n<thead>\n<tr class=\"row-1\">\n\t<th class=\"column-1\">\u00dcr\u00fcn<\/th><th class=\"column-2\">Geni\u015flik (cm)<\/th><th class=\"column-3\">Y\u00fckseklik (cm)<\/th><th class=\"column-4\">Derinlik (cm)<\/th>\n<\/tr>\n<\/thead>\n<tbody>\n<tr class=\"row-2\">\n\t<td class=\"column-1\">6 Kap\u0131l\u0131 Gardrop<\/td><td class=\"column-2\">255<\/td><td class=\"column-3\">214<\/td><td class=\"column-4\">55<\/td>\n<\/tr>\n<tr class=\"row-3\">\n\t<td class=\"column-1\">2 Kap\u0131l\u0131 Dolap<\/td><td class=\"column-2\">84<\/td><td class=\"column-3\">214<\/td><td class=\"column-4\">55<\/td>\n<\/tr>\n<tr class=\"row-4\">\n\t<td class=\"column-1\">K\u00f6\u015fe Dolap<\/td><td class=\"column-2\">90x90<\/td><td class=\"column-3\">214<\/td><td class=\"column-4\">55<\/td>\n<\/tr>\n<tr class=\"row-5\">\n\t<td class=\"column-1\">Tek Kap\u0131l\u0131 Dolap<\/td><td class=\"column-2\">42<\/td><td class=\"column-3\">214<\/td><td class=\"column-4\">55<\/td>\n<\/tr>\n<tr class=\"row-6\">\n\t<td class=\"column-1\">Bazal\u0131 Karyola ve Ba\u015fl\u0131k (160 Cm)<\/td><td class=\"column-2\">190<\/td><td class=\"column-3\">105<\/td><td class=\"column-4\">230<\/td>\n<\/tr>\n<tr class=\"row-7\">\n\t<td class=\"column-1\">Bazal\u0131 Karyola ve Ba\u015fl\u0131k (180 Cm)<\/td><td class=\"column-2\">210<\/td><td class=\"column-3\">105<\/td><td class=\"column-4\">230<\/td>\n<\/tr>\n<tr class=\"row-8\">\n\t<td class=\"column-1\">\u015eifonyer<\/td><td class=\"column-2\">130<\/td><td class=\"column-3\">85<\/td><td class=\"column-4\">43<\/td>\n<\/tr>\n<tr class=\"row-9\">\n\t<td class=\"column-1\">\u015eifonyer Ayna<\/td><td class=\"column-2\">70<\/td><td class=\"column-3\">90<\/td><td class=\"column-4\">3<\/td>\n<\/tr>\n<tr class=\"row-10\">\n\t<td class=\"column-1\">\u00c7ama\u015f\u0131rl\u0131k<\/td><td class=\"column-2\">60<\/td><td class=\"column-3\">107<\/td><td class=\"column-4\">43<\/td>\n<\/tr>\n<tr class=\"row-11\">\n\t<td class=\"column-1\">Komodin<\/td><td class=\"column-2\">60<\/td><td class=\"column-3\">53<\/td><td class=\"column-4\">43<\/td>\n<\/tr>\n<tr class=\"row-12\">\n\t<td class=\"column-1\">Boy Ayna<\/td><td class=\"column-2\">56<\/td><td class=\"column-3\">166<\/td><td class=\"column-4\">50<\/td>\n<\/tr>\n<\/tbody>\n<\/table>\n\n","protected":false},"excerpt":{"rendered":"\u00dcr\u00fcnGeni\u015flik (cm)Y\u00fckseklik (cm)Derinlik (cm) 6 Kap\u0131l\u0131 Gardrop25521455 2 Kap\u0131l\u0131 Dolap8421455 K\u00f6\u015fe Dolap90x9021455 Tek Kap\u0131l\u0131 Dolap4221455 Bazal\u0131 Karyola ve Ba\u015fl\u0131k (160","protected":false},"featured_media":10962,"template":"","meta":[],"product_brand":[],"product_cat":[79],"product_tag":[],"class_list":{"0":"post-10961","1":"product","2":"type-product","3":"status-publish","4":"has-post-thumbnail","6":"product_cat-yatak-odalari","8":"first","9":"instock","10":"shipping-taxable","11":"product-type-simple"},"_links":{"self":[{"href":"https:\/\/zekisari.com\/index.php\/wp-json\/wp\/v2\/product\/10961","targetHints":{"allow":["GET"]}}],"collection":[{"href":"https:\/\/zekisari.com\/index.php\/wp-json\/wp\/v2\/product"}],"about":[{"href":"https:\/\/zekisari.com\/index.php\/wp-json\/wp\/v2\/types\/product"}],"wp:featuredmedia":[{"embeddable":true,"href":"https:\/\/zekisari.com\/index.php\/wp-json\/wp\/v2\/media\/10962"}],"wp:attachment":[{"href":"https:\/\/zekisari.com\/index.php\/wp-json\/wp\/v2\/media?parent=10961"}],"wp:term":[{"taxonomy":"product_brand","embeddable":true,"href":"https:\/\/zekisari.com\/index.php\/wp-json\/wp\/v2\/product_brand?post=10961"},{"taxonomy":"product_cat","embeddable":true,"href":"https:\/\/zekisari.com\/index.php\/wp-json\/wp\/v2\/product_cat?post=10961"},{"taxonomy":"product_tag","embeddable":true,"href":"https:\/\/zekisari.com\/index.php\/wp-json\/wp\/v2\/product_tag?post=10961"}],"curies":[{"name":"wp","href":"https:\/\/api.w.org\/{rel}","templated":true}]}}