{"id":10841,"date":"2025-06-27T14:48:15","date_gmt":"2025-06-27T14:48:15","guid":{"rendered":"https:\/\/zekisari.com\/?post_type=product&#038;p=10841"},"modified":"2025-10-27T15:08:03","modified_gmt":"2025-10-27T15:08:03","slug":"serenity","status":"publish","type":"product","link":"https:\/\/zekisari.com\/index.php\/product\/serenity\/","title":{"rendered":"Serenity Koltuk Tak\u0131m\u0131"},"content":{"rendered":"\n<table id=\"tablepress-14\" class=\"tablepress tablepress-id-14\">\n<thead>\n<tr class=\"row-1\">\n\t<th class=\"column-1\">\u00dcr\u00fcn<\/th><th class=\"column-2\">Geni\u015flik (cm)<\/th><th class=\"column-3\">Y\u00fckseklik (cm)<\/th><th class=\"column-4\">Derinlik (cm)<\/th>\n<\/tr>\n<\/thead>\n<tbody>\n<tr class=\"row-2\">\n\t<td class=\"column-1\">\u00dc\u00e7l\u00fc Koltuk<\/td><td class=\"column-2\">230<\/td><td class=\"column-3\">86<\/td><td class=\"column-4\">90<\/td>\n<\/tr>\n<tr class=\"row-3\">\n\t<td class=\"column-1\">\u0130kili Koltuk<\/td><td class=\"column-2\">185<\/td><td class=\"column-3\">86<\/td><td class=\"column-4\">90<\/td>\n<\/tr>\n<tr class=\"row-4\">\n\t<td class=\"column-1\">Berjer<\/td><td class=\"column-2\">73<\/td><td class=\"column-3\">96<\/td><td class=\"column-4\">90<\/td>\n<\/tr>\n<tr class=\"row-5\">\n\t<td class=\"column-1\">Ara Mod\u00fcl<\/td><td class=\"column-2\">60<\/td><td class=\"column-3\">86<\/td><td class=\"column-4\">90<\/td>\n<\/tr>\n<\/tbody>\n<\/table>\n\n","protected":false},"excerpt":{"rendered":"\u00dcr\u00fcnGeni\u015flik (cm)Y\u00fckseklik (cm)Derinlik (cm) \u00dc\u00e7l\u00fc Koltuk2308690 \u0130kili Koltuk1858690 Berjer739690 Ara Mod\u00fcl608690","protected":false},"featured_media":10842,"template":"","meta":[],"product_brand":[],"product_cat":[74],"product_tag":[],"class_list":{"0":"post-10841","1":"product","2":"type-product","3":"status-publish","4":"has-post-thumbnail","6":"product_cat-koltuk-takimlari","8":"first","9":"instock","10":"shipping-taxable","11":"product-type-simple"},"_links":{"self":[{"href":"https:\/\/zekisari.com\/index.php\/wp-json\/wp\/v2\/product\/10841","targetHints":{"allow":["GET"]}}],"collection":[{"href":"https:\/\/zekisari.com\/index.php\/wp-json\/wp\/v2\/product"}],"about":[{"href":"https:\/\/zekisari.com\/index.php\/wp-json\/wp\/v2\/types\/product"}],"wp:featuredmedia":[{"embeddable":true,"href":"https:\/\/zekisari.com\/index.php\/wp-json\/wp\/v2\/media\/10842"}],"wp:attachment":[{"href":"https:\/\/zekisari.com\/index.php\/wp-json\/wp\/v2\/media?parent=10841"}],"wp:term":[{"taxonomy":"product_brand","embeddable":true,"href":"https:\/\/zekisari.com\/index.php\/wp-json\/wp\/v2\/product_brand?post=10841"},{"taxonomy":"product_cat","embeddable":true,"href":"https:\/\/zekisari.com\/index.php\/wp-json\/wp\/v2\/product_cat?post=10841"},{"taxonomy":"product_tag","embeddable":true,"href":"https:\/\/zekisari.com\/index.php\/wp-json\/wp\/v2\/product_tag?post=10841"}],"curies":[{"name":"wp","href":"https:\/\/api.w.org\/{rel}","templated":true}]}}