{"id":10815,"date":"2025-06-26T18:05:18","date_gmt":"2025-06-26T18:05:18","guid":{"rendered":"https:\/\/zekisari.com\/?post_type=product&#038;p=10815"},"modified":"2025-10-27T14:58:02","modified_gmt":"2025-10-27T14:58:02","slug":"opava-koltuk-takimi","status":"publish","type":"product","link":"https:\/\/zekisari.com\/index.php\/product\/opava-koltuk-takimi\/","title":{"rendered":"Opava Koltuk Tak\u0131m\u0131"},"content":{"rendered":"\n<table id=\"tablepress-11\" class=\"tablepress tablepress-id-11\">\n<thead>\n<tr class=\"row-1\">\n\t<th class=\"column-1\">\u00dcr\u00fcn<\/th><th class=\"column-2\">Geni\u015flik (cm)<\/th><th class=\"column-3\">Y\u00fckseklik (cm)<\/th><th class=\"column-4\">Derinlik (cm)<\/th>\n<\/tr>\n<\/thead>\n<tbody>\n<tr class=\"row-2\">\n\t<td class=\"column-1\">\u00dc\u00e7l\u00fc Yatakl\u0131 Koltuk<\/td><td class=\"column-2\">240<\/td><td class=\"column-3\">76<\/td><td class=\"column-4\">98<\/td>\n<\/tr>\n<tr class=\"row-3\">\n\t<td class=\"column-1\">\u0130kili Yatakl\u0131 Koltuk<\/td><td class=\"column-2\">205<\/td><td class=\"column-3\">76<\/td><td class=\"column-4\">98<\/td>\n<\/tr>\n<tr class=\"row-4\">\n\t<td class=\"column-1\">90 Cm Ara  Mod\u00fcl<\/td><td class=\"column-2\">90<\/td><td class=\"column-3\">76<\/td><td class=\"column-4\">98<\/td>\n<\/tr>\n<tr class=\"row-5\">\n\t<td class=\"column-1\">70 Cm Ara Mod\u00fcl<\/td><td class=\"column-2\">70<\/td><td class=\"column-3\">76<\/td><td class=\"column-4\">98<\/td>\n<\/tr>\n<tr class=\"row-6\">\n\t<td class=\"column-1\">Berjer<\/td><td class=\"column-2\">91<\/td><td class=\"column-3\">76<\/td><td class=\"column-4\">85<\/td>\n<\/tr>\n<tr class=\"row-7\">\n\t<td class=\"column-1\">B\u00fcy\u00fck Puf<\/td><td class=\"column-2\">80<\/td><td class=\"column-3\">32<\/td><td class=\"column-4\">80<\/td>\n<\/tr>\n<tr class=\"row-8\">\n\t<td class=\"column-1\">K\u00fc\u00e7\u00fck Puf<\/td><td class=\"column-2\">60<\/td><td class=\"column-3\">38<\/td><td class=\"column-4\">60<\/td>\n<\/tr>\n<\/tbody>\n<\/table>\n\n","protected":false},"excerpt":{"rendered":"\u00dcr\u00fcnGeni\u015flik (cm)Y\u00fckseklik (cm)Derinlik (cm) \u00dc\u00e7l\u00fc Yatakl\u0131 Koltuk2407698 \u0130kili Yatakl\u0131 Koltuk2057698 90 Cm Ara Mod\u00fcl907698 70 Cm Ara Mod\u00fcl707698 Berjer917685 B\u00fcy\u00fck","protected":false},"featured_media":10816,"template":"","meta":[],"product_brand":[],"product_cat":[74],"product_tag":[],"class_list":{"0":"post-10815","1":"product","2":"type-product","3":"status-publish","4":"has-post-thumbnail","6":"product_cat-koltuk-takimlari","8":"first","9":"instock","10":"shipping-taxable","11":"product-type-simple"},"_links":{"self":[{"href":"https:\/\/zekisari.com\/index.php\/wp-json\/wp\/v2\/product\/10815","targetHints":{"allow":["GET"]}}],"collection":[{"href":"https:\/\/zekisari.com\/index.php\/wp-json\/wp\/v2\/product"}],"about":[{"href":"https:\/\/zekisari.com\/index.php\/wp-json\/wp\/v2\/types\/product"}],"wp:featuredmedia":[{"embeddable":true,"href":"https:\/\/zekisari.com\/index.php\/wp-json\/wp\/v2\/media\/10816"}],"wp:attachment":[{"href":"https:\/\/zekisari.com\/index.php\/wp-json\/wp\/v2\/media?parent=10815"}],"wp:term":[{"taxonomy":"product_brand","embeddable":true,"href":"https:\/\/zekisari.com\/index.php\/wp-json\/wp\/v2\/product_brand?post=10815"},{"taxonomy":"product_cat","embeddable":true,"href":"https:\/\/zekisari.com\/index.php\/wp-json\/wp\/v2\/product_cat?post=10815"},{"taxonomy":"product_tag","embeddable":true,"href":"https:\/\/zekisari.com\/index.php\/wp-json\/wp\/v2\/product_tag?post=10815"}],"curies":[{"name":"wp","href":"https:\/\/api.w.org\/{rel}","templated":true}]}}