{"id":10754,"date":"2025-06-26T17:49:40","date_gmt":"2025-06-26T17:49:40","guid":{"rendered":"https:\/\/zekisari.com\/?post_type=product&#038;p=10754"},"modified":"2025-10-27T14:09:42","modified_gmt":"2025-10-27T14:09:42","slug":"lovina-koltuk-takimi","status":"publish","type":"product","link":"https:\/\/zekisari.com\/index.php\/product\/lovina-koltuk-takimi\/","title":{"rendered":"Lovina Koltuk Tak\u0131m\u0131"},"content":{"rendered":"\n<table id=\"tablepress-8\" class=\"tablepress tablepress-id-8\">\n<thead>\n<tr class=\"row-1\">\n\t<th class=\"column-1\">\u00dcr\u00fcn<\/th><th class=\"column-2\">Geni\u015flik (cm)<\/th><th class=\"column-3\">Y\u00fckseklik (cm)<\/th><th class=\"column-4\">Derinlik (cm)<\/th>\n<\/tr>\n<\/thead>\n<tbody>\n<tr class=\"row-2\">\n\t<td class=\"column-1\">D\u00f6rtl\u00fc Yatakl\u0131 Koltuk<\/td><td class=\"column-2\">260<\/td><td class=\"column-3\">83<\/td><td class=\"column-4\">98<\/td>\n<\/tr>\n<tr class=\"row-3\">\n\t<td class=\"column-1\">\u00dc\u00e7l\u00fc Yatakl\u0131 Koltuk<\/td><td class=\"column-2\">230<\/td><td class=\"column-3\">83<\/td><td class=\"column-4\">98<\/td>\n<\/tr>\n<tr class=\"row-4\">\n\t<td class=\"column-1\">\u0130kili Koltuk<\/td><td class=\"column-2\">200<\/td><td class=\"column-3\">83<\/td><td class=\"column-4\">98<\/td>\n<\/tr>\n<tr class=\"row-5\">\n\t<td class=\"column-1\">Berjer<\/td><td class=\"column-2\">80<\/td><td class=\"column-3\">85<\/td><td class=\"column-4\">80<\/td>\n<\/tr>\n<tr class=\"row-6\">\n\t<td class=\"column-1\">Mono Berjer<\/td><td class=\"column-2\">75<\/td><td class=\"column-3\">81<\/td><td class=\"column-4\">93<\/td>\n<\/tr>\n<\/tbody>\n<\/table>\n<!-- #tablepress-8 from cache -->\n","protected":false},"excerpt":{"rendered":"\u00dcr\u00fcnGeni\u015flik (cm)Y\u00fckseklik (cm)Derinlik (cm) D\u00f6rtl\u00fc Yatakl\u0131 Koltuk2608398 \u00dc\u00e7l\u00fc Yatakl\u0131 Koltuk2308398 \u0130kili Koltuk2008398 Berjer808580 Mono Berjer758193","protected":false},"featured_media":10755,"template":"","meta":[],"product_brand":[],"product_cat":[74],"product_tag":[],"class_list":{"0":"post-10754","1":"product","2":"type-product","3":"status-publish","4":"has-post-thumbnail","6":"product_cat-koltuk-takimlari","8":"first","9":"instock","10":"shipping-taxable","11":"product-type-simple"},"_links":{"self":[{"href":"https:\/\/zekisari.com\/index.php\/wp-json\/wp\/v2\/product\/10754","targetHints":{"allow":["GET"]}}],"collection":[{"href":"https:\/\/zekisari.com\/index.php\/wp-json\/wp\/v2\/product"}],"about":[{"href":"https:\/\/zekisari.com\/index.php\/wp-json\/wp\/v2\/types\/product"}],"wp:featuredmedia":[{"embeddable":true,"href":"https:\/\/zekisari.com\/index.php\/wp-json\/wp\/v2\/media\/10755"}],"wp:attachment":[{"href":"https:\/\/zekisari.com\/index.php\/wp-json\/wp\/v2\/media?parent=10754"}],"wp:term":[{"taxonomy":"product_brand","embeddable":true,"href":"https:\/\/zekisari.com\/index.php\/wp-json\/wp\/v2\/product_brand?post=10754"},{"taxonomy":"product_cat","embeddable":true,"href":"https:\/\/zekisari.com\/index.php\/wp-json\/wp\/v2\/product_cat?post=10754"},{"taxonomy":"product_tag","embeddable":true,"href":"https:\/\/zekisari.com\/index.php\/wp-json\/wp\/v2\/product_tag?post=10754"}],"curies":[{"name":"wp","href":"https:\/\/api.w.org\/{rel}","templated":true}]}}