{"id":10630,"date":"2025-06-26T16:31:27","date_gmt":"2025-06-26T16:31:27","guid":{"rendered":"https:\/\/zekisari.com\/?post_type=product&#038;p=10630"},"modified":"2025-10-29T08:21:20","modified_gmt":"2025-10-29T08:21:20","slug":"lovina-yemek-odasi","status":"publish","type":"product","link":"https:\/\/zekisari.com\/index.php\/product\/lovina-yemek-odasi\/","title":{"rendered":"Lovina Yemek Odas\u0131"},"content":{"rendered":"\n<table id=\"tablepress-22\" class=\"tablepress tablepress-id-22\">\n<thead>\n<tr class=\"row-1\">\n\t<th class=\"column-1\">\u00dcr\u00fcn<\/th><th class=\"column-2\">Geni\u015flik (cm)<\/th><th class=\"column-3\">Y\u00fckseklik (cm)<\/th><th class=\"column-4\">Derinlik (cm)<\/th>\n<\/tr>\n<\/thead>\n<tbody>\n<tr class=\"row-2\">\n\t<td class=\"column-1\">Konsol<\/td><td class=\"column-2\">205<\/td><td class=\"column-3\">85<\/td><td class=\"column-4\">45<\/td>\n<\/tr>\n<tr class=\"row-3\">\n\t<td class=\"column-1\">Konsol Ayna<\/td><td class=\"column-2\">90<\/td><td class=\"column-3\">90<\/td><td class=\"column-4\">3<\/td>\n<\/tr>\n<tr class=\"row-4\">\n\t<td class=\"column-1\">Sabit Yemek Masas\u0131<\/td><td class=\"column-2\">200<\/td><td class=\"column-3\">75<\/td><td class=\"column-4\">100<\/td>\n<\/tr>\n<tr class=\"row-5\">\n\t<td class=\"column-1\">A\u00e7\u0131l\u0131r Yemek Masas\u0131<\/td><td class=\"column-2\">165<\/td><td class=\"column-3\">75<\/td><td class=\"column-4\">90<\/td>\n<\/tr>\n<\/tbody>\n<\/table>\n<!-- #tablepress-22 from cache -->\n","protected":false},"excerpt":{"rendered":"\u00dcr\u00fcnGeni\u015flik (cm)Y\u00fckseklik (cm)Derinlik (cm) Konsol2058545 Konsol Ayna90903 Sabit Yemek Masas\u013120075100 A\u00e7\u0131l\u0131r Yemek Masas\u01311657590","protected":false},"featured_media":10631,"template":"","meta":[],"product_brand":[],"product_cat":[76],"product_tag":[],"class_list":{"0":"post-10630","1":"product","2":"type-product","3":"status-publish","4":"has-post-thumbnail","6":"product_cat-yemek-odalari","8":"first","9":"instock","10":"shipping-taxable","11":"product-type-simple"},"_links":{"self":[{"href":"https:\/\/zekisari.com\/index.php\/wp-json\/wp\/v2\/product\/10630","targetHints":{"allow":["GET"]}}],"collection":[{"href":"https:\/\/zekisari.com\/index.php\/wp-json\/wp\/v2\/product"}],"about":[{"href":"https:\/\/zekisari.com\/index.php\/wp-json\/wp\/v2\/types\/product"}],"wp:featuredmedia":[{"embeddable":true,"href":"https:\/\/zekisari.com\/index.php\/wp-json\/wp\/v2\/media\/10631"}],"wp:attachment":[{"href":"https:\/\/zekisari.com\/index.php\/wp-json\/wp\/v2\/media?parent=10630"}],"wp:term":[{"taxonomy":"product_brand","embeddable":true,"href":"https:\/\/zekisari.com\/index.php\/wp-json\/wp\/v2\/product_brand?post=10630"},{"taxonomy":"product_cat","embeddable":true,"href":"https:\/\/zekisari.com\/index.php\/wp-json\/wp\/v2\/product_cat?post=10630"},{"taxonomy":"product_tag","embeddable":true,"href":"https:\/\/zekisari.com\/index.php\/wp-json\/wp\/v2\/product_tag?post=10630"}],"curies":[{"name":"wp","href":"https:\/\/api.w.org\/{rel}","templated":true}]}}