{"id":10617,"date":"2025-06-26T16:28:09","date_gmt":"2025-06-26T16:28:09","guid":{"rendered":"https:\/\/zekisari.com\/?post_type=product&#038;p=10617"},"modified":"2025-11-21T15:14:52","modified_gmt":"2025-11-21T15:14:52","slug":"lovina-yatak-odasi","status":"publish","type":"product","link":"https:\/\/zekisari.com\/index.php\/product\/lovina-yatak-odasi\/","title":{"rendered":"Lovina Yatak Odas\u0131"},"content":{"rendered":"\n<table id=\"tablepress-54\" class=\"tablepress tablepress-id-54\">\n<thead>\n<tr class=\"row-1\">\n\t<th class=\"column-1\">\u00dcr\u00fcn<\/th><th class=\"column-2\">Geni\u015flik (cm)<\/th><th class=\"column-3\">Y\u00fckseklik (cm)<\/th><th class=\"column-4\">Derinlik (cm)<\/th>\n<\/tr>\n<\/thead>\n<tbody>\n<tr class=\"row-2\">\n\t<td class=\"column-1\">5 Kap\u0131l\u0131 Gardrop<\/td><td class=\"column-2\">251<\/td><td class=\"column-3\">218<\/td><td class=\"column-4\">61<\/td>\n<\/tr>\n<tr class=\"row-3\">\n\t<td class=\"column-1\">2 Kap\u0131l\u0131 Dolap<\/td><td class=\"column-2\">100<\/td><td class=\"column-3\">218<\/td><td class=\"column-4\">61<\/td>\n<\/tr>\n<tr class=\"row-4\">\n\t<td class=\"column-1\">Tek Kap\u0131l\u0131 Dolap<\/td><td class=\"column-2\">50<\/td><td class=\"column-3\">218<\/td><td class=\"column-4\">61<\/td>\n<\/tr>\n<tr class=\"row-5\">\n\t<td class=\"column-1\">Bazal\u0131 Karyola ve Ba\u015fl\u0131k (160 Cm)<\/td><td class=\"column-2\">180<\/td><td class=\"column-3\">121<\/td><td class=\"column-4\">214<\/td>\n<\/tr>\n<tr class=\"row-6\">\n\t<td class=\"column-1\">Bazal\u0131 Karyola ve Ba\u015fl\u0131k (180 Cm)<\/td><td class=\"column-2\">200<\/td><td class=\"column-3\">121<\/td><td class=\"column-4\">214<\/td>\n<\/tr>\n<tr class=\"row-7\">\n\t<td class=\"column-1\">\u00c7ama\u015f\u0131rl\u0131k<\/td><td class=\"column-2\">65<\/td><td class=\"column-3\">97<\/td><td class=\"column-4\">41<\/td>\n<\/tr>\n<tr class=\"row-8\">\n\t<td class=\"column-1\">Aynal\u0131 \u015eifonyer<\/td><td class=\"column-2\">140<\/td><td class=\"column-3\">120<\/td><td class=\"column-4\">45<\/td>\n<\/tr>\n<tr class=\"row-9\">\n\t<td class=\"column-1\">Komodin<\/td><td class=\"column-2\">63<\/td><td class=\"column-3\">49<\/td><td class=\"column-4\">41<\/td>\n<\/tr>\n<\/tbody>\n<\/table>\n<!-- #tablepress-54 from cache -->\n","protected":false},"excerpt":{"rendered":"\u00dcr\u00fcnGeni\u015flik (cm)Y\u00fckseklik (cm)Derinlik (cm) 5 Kap\u0131l\u0131 Gardrop25121861 2 Kap\u0131l\u0131 Dolap10021861 Tek Kap\u0131l\u0131 Dolap5021861 Bazal\u0131 Karyola ve Ba\u015fl\u0131k (160 Cm)180121214 Bazal\u0131","protected":false},"featured_media":10618,"template":"","meta":[],"product_brand":[],"product_cat":[79],"product_tag":[],"class_list":{"0":"post-10617","1":"product","2":"type-product","3":"status-publish","4":"has-post-thumbnail","6":"product_cat-yatak-odalari","8":"first","9":"instock","10":"shipping-taxable","11":"product-type-simple"},"_links":{"self":[{"href":"https:\/\/zekisari.com\/index.php\/wp-json\/wp\/v2\/product\/10617","targetHints":{"allow":["GET"]}}],"collection":[{"href":"https:\/\/zekisari.com\/index.php\/wp-json\/wp\/v2\/product"}],"about":[{"href":"https:\/\/zekisari.com\/index.php\/wp-json\/wp\/v2\/types\/product"}],"wp:featuredmedia":[{"embeddable":true,"href":"https:\/\/zekisari.com\/index.php\/wp-json\/wp\/v2\/media\/10618"}],"wp:attachment":[{"href":"https:\/\/zekisari.com\/index.php\/wp-json\/wp\/v2\/media?parent=10617"}],"wp:term":[{"taxonomy":"product_brand","embeddable":true,"href":"https:\/\/zekisari.com\/index.php\/wp-json\/wp\/v2\/product_brand?post=10617"},{"taxonomy":"product_cat","embeddable":true,"href":"https:\/\/zekisari.com\/index.php\/wp-json\/wp\/v2\/product_cat?post=10617"},{"taxonomy":"product_tag","embeddable":true,"href":"https:\/\/zekisari.com\/index.php\/wp-json\/wp\/v2\/product_tag?post=10617"}],"curies":[{"name":"wp","href":"https:\/\/api.w.org\/{rel}","templated":true}]}}