{"id":10607,"date":"2025-06-26T16:21:39","date_gmt":"2025-06-26T16:21:39","guid":{"rendered":"https:\/\/zekisari.com\/?post_type=product&#038;p=10607"},"modified":"2025-10-29T11:00:53","modified_gmt":"2025-10-29T11:00:53","slug":"kato-tv-unitesi","status":"publish","type":"product","link":"https:\/\/zekisari.com\/index.php\/product\/kato-tv-unitesi\/","title":{"rendered":"Kato Tv \u00dcnitesi"},"content":{"rendered":"\n<table id=\"tablepress-34\" class=\"tablepress tablepress-id-34\">\n<thead>\n<tr class=\"row-1\">\n\t<th class=\"column-1\">\u00dcr\u00fcn<\/th><th class=\"column-2\">Geni\u015flik (cm)<\/th><th class=\"column-3\">Y\u00fckseklik (cm)<\/th><th class=\"column-4\">Derinlik (cm)<\/th>\n<\/tr>\n<\/thead>\n<tbody>\n<tr class=\"row-2\">\n\t<td class=\"column-1\">Tv \u00dcnite Alt Mod\u00fcl<\/td><td class=\"column-2\">205<\/td><td class=\"column-3\">52<\/td><td class=\"column-4\">45<\/td>\n<\/tr>\n<tr class=\"row-3\">\n\t<td class=\"column-1\">Tv \u00dcnite \u00dcst Mod\u00fcl<\/td><td class=\"column-2\">180<\/td><td class=\"column-3\">30<\/td><td class=\"column-4\">20<\/td>\n<\/tr>\n<\/tbody>\n<\/table>\n<!-- #tablepress-34 from cache -->\n","protected":false},"excerpt":{"rendered":"\u00dcr\u00fcnGeni\u015flik (cm)Y\u00fckseklik (cm)Derinlik (cm) Tv \u00dcnite Alt Mod\u00fcl2055245 Tv \u00dcnite \u00dcst Mod\u00fcl1803020","protected":false},"featured_media":10608,"template":"","meta":[],"product_brand":[],"product_cat":[78],"product_tag":[],"class_list":{"0":"post-10607","1":"product","2":"type-product","3":"status-publish","4":"has-post-thumbnail","6":"product_cat-tv-uniteleri","8":"first","9":"instock","10":"shipping-taxable","11":"product-type-simple"},"_links":{"self":[{"href":"https:\/\/zekisari.com\/index.php\/wp-json\/wp\/v2\/product\/10607","targetHints":{"allow":["GET"]}}],"collection":[{"href":"https:\/\/zekisari.com\/index.php\/wp-json\/wp\/v2\/product"}],"about":[{"href":"https:\/\/zekisari.com\/index.php\/wp-json\/wp\/v2\/types\/product"}],"wp:featuredmedia":[{"embeddable":true,"href":"https:\/\/zekisari.com\/index.php\/wp-json\/wp\/v2\/media\/10608"}],"wp:attachment":[{"href":"https:\/\/zekisari.com\/index.php\/wp-json\/wp\/v2\/media?parent=10607"}],"wp:term":[{"taxonomy":"product_brand","embeddable":true,"href":"https:\/\/zekisari.com\/index.php\/wp-json\/wp\/v2\/product_brand?post=10607"},{"taxonomy":"product_cat","embeddable":true,"href":"https:\/\/zekisari.com\/index.php\/wp-json\/wp\/v2\/product_cat?post=10607"},{"taxonomy":"product_tag","embeddable":true,"href":"https:\/\/zekisari.com\/index.php\/wp-json\/wp\/v2\/product_tag?post=10607"}],"curies":[{"name":"wp","href":"https:\/\/api.w.org\/{rel}","templated":true}]}}