{"id":10479,"date":"2025-06-26T15:41:22","date_gmt":"2025-06-26T15:41:22","guid":{"rendered":"https:\/\/zekisari.com\/?post_type=product&#038;p=10479"},"modified":"2025-11-08T12:10:13","modified_gmt":"2025-11-08T12:10:13","slug":"orfe-yatak-odasi","status":"publish","type":"product","link":"https:\/\/zekisari.com\/index.php\/product\/orfe-yatak-odasi\/","title":{"rendered":"Orfe Yatak Odas\u0131"},"content":{"rendered":"\n<table id=\"tablepress-47\" class=\"tablepress tablepress-id-47\">\n<thead>\n<tr class=\"row-1\">\n\t<th class=\"column-1\">\u00dcr\u00fcn<\/th><th class=\"column-2\">Geni\u015flik (cm)<\/th><th class=\"column-3\">Y\u00fckseklik (cm)<\/th><th class=\"column-4\">Derinlik (cm)<\/th>\n<\/tr>\n<\/thead>\n<tbody>\n<tr class=\"row-2\">\n\t<td class=\"column-1\">6 Kap\u0131l\u0131 Gardrop<\/td><td class=\"column-2\">260<\/td><td class=\"column-3\">216<\/td><td class=\"column-4\">60<\/td>\n<\/tr>\n<tr class=\"row-3\">\n\t<td class=\"column-1\">2 Kap\u0131l\u0131 Dolap<\/td><td class=\"column-2\">90<\/td><td class=\"column-3\">216<\/td><td class=\"column-4\">60<\/td>\n<\/tr>\n<tr class=\"row-4\">\n\t<td class=\"column-1\">K\u00f6\u015fe Dolap<\/td><td class=\"column-2\">90x90<\/td><td class=\"column-3\">216<\/td><td class=\"column-4\">60<\/td>\n<\/tr>\n<tr class=\"row-5\">\n\t<td class=\"column-1\">Tek Kap\u0131l\u0131 Dolap<\/td><td class=\"column-2\">45<\/td><td class=\"column-3\">216<\/td><td class=\"column-4\">60<\/td>\n<\/tr>\n<tr class=\"row-6\">\n\t<td class=\"column-1\">Bazal\u0131 Karyola ve Ba\u015fl\u0131k (160 Cm)<\/td><td class=\"column-2\">184<\/td><td class=\"column-3\">106<\/td><td class=\"column-4\">235<\/td>\n<\/tr>\n<tr class=\"row-7\">\n\t<td class=\"column-1\">Bazal\u0131 Karyola ve Ba\u015fl\u0131k (180 Cm)<\/td><td class=\"column-2\">204<\/td><td class=\"column-3\">106<\/td><td class=\"column-4\">235<\/td>\n<\/tr>\n<tr class=\"row-8\">\n\t<td class=\"column-1\">\u00c7ama\u015f\u0131rl\u0131k<\/td><td class=\"column-2\">93<\/td><td class=\"column-3\">87<\/td><td class=\"column-4\">40<\/td>\n<\/tr>\n<tr class=\"row-9\">\n\t<td class=\"column-1\">Ada<\/td><td class=\"column-2\">80<\/td><td class=\"column-3\">83<\/td><td class=\"column-4\">84<\/td>\n<\/tr>\n<tr class=\"row-10\">\n\t<td class=\"column-1\">Yar\u0131m Ada<\/td><td class=\"column-2\">80<\/td><td class=\"column-3\">83<\/td><td class=\"column-4\">42<\/td>\n<\/tr>\n<tr class=\"row-11\">\n\t<td class=\"column-1\">\u015eifonyer<\/td><td class=\"column-2\">140<\/td><td class=\"column-3\">86<\/td><td class=\"column-4\">45<\/td>\n<\/tr>\n<tr class=\"row-12\">\n\t<td class=\"column-1\">\u015eifonyer Ayna<\/td><td class=\"column-2\">56<\/td><td class=\"column-3\">81<\/td><td class=\"column-4\">3<\/td>\n<\/tr>\n<tr class=\"row-13\">\n\t<td class=\"column-1\">Komodin<\/td><td class=\"column-2\">65<\/td><td class=\"column-3\">87<\/td><td class=\"column-4\">42<\/td>\n<\/tr>\n<tr class=\"row-14\">\n\t<td class=\"column-1\">Bench<\/td><td class=\"column-2\">171<\/td><td class=\"column-3\">40<\/td><td class=\"column-4\">36<\/td>\n<\/tr>\n<\/tbody>\n<\/table>\n<!-- #tablepress-47 from cache -->\n","protected":false},"excerpt":{"rendered":"\u00dcr\u00fcnGeni\u015flik (cm)Y\u00fckseklik (cm)Derinlik (cm) 6 Kap\u0131l\u0131 Gardrop26021660 2 Kap\u0131l\u0131 Dolap9021660 K\u00f6\u015fe Dolap90x9021660 Tek Kap\u0131l\u0131 Dolap4521660 Bazal\u0131 Karyola ve Ba\u015fl\u0131k (160","protected":false},"featured_media":10480,"template":"","meta":[],"product_brand":[],"product_cat":[79],"product_tag":[],"class_list":{"0":"post-10479","1":"product","2":"type-product","3":"status-publish","4":"has-post-thumbnail","6":"product_cat-yatak-odalari","8":"first","9":"instock","10":"shipping-taxable","11":"product-type-simple"},"_links":{"self":[{"href":"https:\/\/zekisari.com\/index.php\/wp-json\/wp\/v2\/product\/10479","targetHints":{"allow":["GET"]}}],"collection":[{"href":"https:\/\/zekisari.com\/index.php\/wp-json\/wp\/v2\/product"}],"about":[{"href":"https:\/\/zekisari.com\/index.php\/wp-json\/wp\/v2\/types\/product"}],"wp:featuredmedia":[{"embeddable":true,"href":"https:\/\/zekisari.com\/index.php\/wp-json\/wp\/v2\/media\/10480"}],"wp:attachment":[{"href":"https:\/\/zekisari.com\/index.php\/wp-json\/wp\/v2\/media?parent=10479"}],"wp:term":[{"taxonomy":"product_brand","embeddable":true,"href":"https:\/\/zekisari.com\/index.php\/wp-json\/wp\/v2\/product_brand?post=10479"},{"taxonomy":"product_cat","embeddable":true,"href":"https:\/\/zekisari.com\/index.php\/wp-json\/wp\/v2\/product_cat?post=10479"},{"taxonomy":"product_tag","embeddable":true,"href":"https:\/\/zekisari.com\/index.php\/wp-json\/wp\/v2\/product_tag?post=10479"}],"curies":[{"name":"wp","href":"https:\/\/api.w.org\/{rel}","templated":true}]}}