{"id":5212,"date":"2021-08-25T07:26:28","date_gmt":"2021-08-25T07:26:28","guid":{"rendered":"http:\/\/dummy.xtemos.com\/woodmart2\/?page_id=5212"},"modified":"2025-10-31T07:51:44","modified_gmt":"2025-10-31T07:51:44","slug":"hakkimizda","status":"publish","type":"page","link":"https:\/\/zekisari.com\/index.php\/hakkimizda\/","title":{"rendered":"Hakk\u0131m\u0131zda"},"content":{"rendered":"<div class=\"wpb-content-wrapper\"><p>[vc_row content_placement=&#8221;middle&#8221; woodmart_css_id=&#8221;68187a81a533f&#8221; responsive_spacing=&#8221;eyJwYXJhbV90eXBlIjoid29vZG1hcnRfcmVzcG9uc2l2ZV9zcGFjaW5nIiwic2VsZWN0b3JfaWQiOiI2ODE4N2E4MWE1MzNmIiwic2hvcnRjb2RlIjoidmNfcm93IiwiZGF0YSI6eyJ0YWJsZXQiOnt9LCJtb2JpbGUiOnt9fX0=&#8221; mobile_bg_img_hidden=&#8221;no&#8221; tablet_bg_img_hidden=&#8221;no&#8221; woodmart_parallax=&#8221;0&#8243; woodmart_gradient_switch=&#8221;no&#8221; woodmart_box_shadow=&#8221;no&#8221; wd_z_index=&#8221;no&#8221; woodmart_disable_overflow=&#8221;0&#8243; row_reverse_mobile=&#8221;0&#8243; row_reverse_tablet=&#8221;0&#8243;][vc_column width=&#8221;1\/2&#8243;]\t\t<div id=\"wd-681a037ad0db9\" class=\"wd-image wd-wpb wd-rs-681a037ad0db9 text-left vc_custom_1746535376699\">\n\t\t\t\n\t\t\t<img loading=\"lazy\" decoding=\"async\" width=\"1080\" height=\"1080\" src=\"https:\/\/zekisari.com\/wp-content\/uploads\/2025\/05\/hakkimizda.png\" class=\"attachment-full size-full\" alt=\"\" srcset=\"https:\/\/zekisari.com\/wp-content\/uploads\/2025\/05\/hakkimizda.png 1080w, https:\/\/zekisari.com\/wp-content\/uploads\/2025\/05\/hakkimizda-300x300.png 300w, https:\/\/zekisari.com\/wp-content\/uploads\/2025\/05\/hakkimizda-800x800.png 800w, https:\/\/zekisari.com\/wp-content\/uploads\/2025\/05\/hakkimizda-150x150.png 150w, https:\/\/zekisari.com\/wp-content\/uploads\/2025\/05\/hakkimizda-768x768.png 768w, https:\/\/zekisari.com\/wp-content\/uploads\/2025\/05\/hakkimizda-430x430.png 430w, https:\/\/zekisari.com\/wp-content\/uploads\/2025\/05\/hakkimizda-700x700.png 700w\" sizes=\"auto, (max-width: 1080px) 100vw, 1080px\" \/>\n\t\t\t\t\t<\/div>\n\t\t[\/vc_column][vc_column width=&#8221;1\/2&#8243;]\n\t\t<div id=\"wd-681a0576aac8d\" class=\"title-wrapper wd-wpb set-mb-s reset-last-child  wd-rs-681a0576aac8d wd-title-color-primary wd-title-style-default text-left vc_custom_1746535806776 wd-underline-colored\">\n\t\t\t\n\t\t\t<div class=\"liner-continer\">\n\t\t\t\t<h4 class=\"woodmart-title-container title  wd-font-weight- wd-fontsize-xxl\" >Hakk\u0131m\u0131zda<\/h4>\n\t\t\t\t\t\t\t<\/div>\n\t\t\t\n\t\t\t\n\t\t\t\n\t\t<\/div>\n\t\t\n\t\t\t\t<div id=\"wd-681b6b36a35ec\" class=\"wd-text-block wd-wpb reset-last-child wd-rs-681b6b36a35ec text-left wd-width-enabled wd-fontsize-s vc_custom_1746627395773\" style=\"--wd-max-width: 90%;\">\n\t\t\t<p style=\"text-align: left; color: black;\"><em>Zeki Sar\u0131, sadece bug\u00fcn i\u00e7in de\u011fil, gelece\u011fin de<br \/>\ntasar\u0131m\u0131n\u0131 yapar.<br \/>\n<\/em><\/p>\n\t\t<\/div>\n\t\t\t\t<div id=\"wd-681b6b7411fb1\" class=\"wd-text-block wd-wpb reset-last-child wd-rs-681b6b7411fb1 text-left wd-fontsize-custom vc_custom_1746627458505\">\n\t\t\t<p class=\"\" style=\"text-align: left; color: black;\" data-start=\"161\" data-end=\"423\">Zeki Sar\u0131, sadece bir marka de\u011fil; tasar\u0131m\u0131n, esteti\u011fin ve m\u00fc\u015fteri memnuniyetinin bulu\u015fma noktas\u0131d\u0131r. Hem yurt i\u00e7inde hem de yurt d\u0131\u015f\u0131nda, sekt\u00f6rel bir ikon ve otorite olma hedefiyle yolculu\u011funa devam eden Zeki Sar\u0131, \u00f6zg\u00fcn tasar\u0131m anlay\u0131\u015f\u0131yla fark yaratmaktad\u0131r.<\/p>\n<p class=\"\" style=\"text-align: left; color: black;\" data-start=\"425\" data-end=\"741\">Koleksiyonlar\u0131m\u0131z, moday\u0131 ve ihtiya\u00e7lar\u0131 bir araya getirerek s\u00fcrekli geli\u015fen bir \u00e7izgide \u015fekillenir. M\u00fc\u015fterilerimizin beklentilerini yaln\u0131zca kar\u015f\u0131lamakla kalmaz, onlara be\u011fenilerine uygun \u00f6zel alternatifler sunarak \u00e7\u00f6z\u00fcmler \u00fcretiriz. Zeki Sar\u0131\u2019da al\u0131\u015fveri\u015f, sadece bir sat\u0131n alma s\u00fcreci de\u011fil; e\u015fsiz bir deneyimdir.<\/p>\n<p class=\"\" style=\"text-align: left; color: black;\" data-start=\"743\" data-end=\"1043\">M\u00fc\u015fteri memnuniyetini en \u00fcst seviyeye ta\u015f\u0131may\u0131 ilke edinen markam\u0131z, bu alanda yeni bir standart belirlemi\u015ftir. Tedarik\u00e7ilerimizden \u00e7al\u0131\u015fanlar\u0131m\u0131za, ma\u011fazalar\u0131m\u0131zdan tasar\u0131m ekibimize kadar her ad\u0131mda ayn\u0131 dili konu\u015fur; Zeki Sar\u0131\u2019n\u0131n benzersiz tasar\u0131m dilini eksiksiz bi\u00e7imde m\u00fc\u015fterilerimize sunar\u0131z.<\/p>\n\t\t<\/div>\n\t\t[vc_separator color=&#8221;custom&#8221; css=&#8221;.vc_custom_1615616514122{margin-bottom: 20px !important;padding-top: 10px !important;}&#8221; accent_color=&#8221;rgba(10,10,10,0.12)&#8221;]\n\t\t<div id=\"wd-69046a50c5083\" class=\"title-wrapper wd-wpb set-mb-s reset-last-child  wd-rs-69046a50c5083 wd-title-color-primary wd-title-style-default text-left vc_custom_1761897048961 wd-underline-colored\">\n\t\t\t\n\t\t\t<div class=\"liner-continer\">\n\t\t\t\t<h4 class=\"woodmart-title-container title  wd-font-weight- wd-fontsize-m\" >Vizyonumuz<\/h4>\n\t\t\t\t\t\t\t<\/div>\n\t\t\t\n\t\t\t\n\t\t\t\n\t\t<\/div>\n\t\t\n\t\t\t\t<div id=\"wd-69046a5c84bb1\" class=\"wd-text-block wd-wpb reset-last-child wd-rs-69046a5c84bb1 text-left wd-fontsize-custom vc_custom_1761897055747\">\n\t\t\t<p>Zeki Sar\u0131 se\u00e7kisini yurt i\u00e7inde ve yurt d\u0131\u015f\u0131nda temsil ederek sekt\u00f6rel ikon ve otorite haline getirmektir.<\/p>\n\t\t<\/div>\n\t\t\n\t\t<div id=\"wd-69046a6961ebd\" class=\"title-wrapper wd-wpb set-mb-s reset-last-child  wd-rs-69046a6961ebd wd-title-color-primary wd-title-style-default text-left vc_custom_1761897079684 wd-underline-colored\">\n\t\t\t\n\t\t\t<div class=\"liner-continer\">\n\t\t\t\t<h4 class=\"woodmart-title-container title  wd-font-weight- wd-fontsize-m\" >Misyonumuz<\/h4>\n\t\t\t\t\t\t\t<\/div>\n\t\t\t\n\t\t\t\n\t\t\t\n\t\t<\/div>\n\t\t\n\t\t\t\t<div id=\"wd-69046a7b676ca\" class=\"wd-text-block wd-wpb reset-last-child wd-rs-69046a7b676ca text-left wd-fontsize-custom vc_custom_1761897099400\">\n\t\t\t<ul>\n<li data-start=\"221\" data-end=\"307\">\n<p data-start=\"223\" data-end=\"307\">Zeki Sar\u0131 tasar\u0131mlar\u0131n\u0131 koleksiyon olarak, moda ve ihtiya\u00e7 \u00e7izgisinde geli\u015ftirmek.<\/p>\n<\/li>\n<li data-start=\"308\" data-end=\"376\">\n<p data-start=\"310\" data-end=\"376\">M\u00fc\u015fteri ihtiya\u00e7lar\u0131n\u0131, be\u011fendikleri alternatiflerle \u00e7\u00f6z\u00fcmlenmek.<\/p>\n<\/li>\n<li data-start=\"377\" data-end=\"430\">\n<p data-start=\"379\" data-end=\"430\">M\u00fc\u015fterilerine e\u015fsiz al\u0131\u015f-veri\u015f deneyimi ya\u015fatmak.<\/p>\n<\/li>\n<li data-start=\"431\" data-end=\"511\">\n<p data-start=\"433\" data-end=\"511\">M\u00fc\u015fteri memnuniyetinde Zeki Sar\u0131 standartlar\u0131yla yeni bir seviye olu\u015fturmak.<\/p>\n<\/li>\n<li data-start=\"512\" data-end=\"628\">\n<p data-start=\"514\" data-end=\"628\">Zeki Sar\u0131 tasar\u0131m dilini tedarik\u00e7ilerimiz, \u00e7al\u0131\u015fanlar\u0131m\u0131z, ma\u011fazalar\u0131m\u0131zla eksiksiz olarak m\u00fc\u015fterilerimize sunmak.<\/p>\n<\/li>\n<\/ul>\n\t\t<\/div>\n\t\t[\/vc_column][\/vc_row]<\/p>\n<\/div>","protected":false},"excerpt":{"rendered":"<p>[vc_row content_placement=&#8221;middle&#8221; woodmart_css_id=&#8221;68187a81a533f&#8221; responsive_spacing=&#8221;eyJwYXJhbV90eXBlIjoid29vZG1hcnRfcmVzcG9uc2l2ZV9zcGFjaW5nIiwic2VsZWN0b3JfaWQiOiI2ODE4N2E4MWE1MzNmIiwic2hvcnRjb2RlIjoidmNfcm93IiwiZGF0YSI6eyJ0YWJsZXQiOnt9LCJtb2JpbGUiOnt9fX0=&#8221; mobile_bg_img_hidden=&#8221;no&#8221; tablet_bg_img_hidden=&#8221;no&#8221; woodmart_parallax=&#8221;0&#8243; woodmart_gradient_switch=&#8221;no&#8221; woodmart_box_shadow=&#8221;no&#8221; wd_z_index=&#8221;no&#8221; woodmart_disable_overflow=&#8221;0&#8243; row_reverse_mobile=&#8221;0&#8243; row_reverse_tablet=&#8221;0&#8243;][vc_column width=&#8221;1\/2&#8243;][\/vc_column][vc_column width=&#8221;1\/2&#8243;][vc_separator color=&#8221;custom&#8221; css=&#8221;.vc_custom_1615616514122{margin-bottom: 20px !important;padding-top: 10px<\/p>\n","protected":false},"author":1,"featured_media":0,"parent":0,"menu_order":0,"comment_status":"closed","ping_status":"closed","template":"","meta":{"footnotes":""},"class_list":["post-5212","page","type-page","status-publish","hentry"],"_links":{"self":[{"href":"https:\/\/zekisari.com\/index.php\/wp-json\/wp\/v2\/pages\/5212","targetHints":{"allow":["GET"]}}],"collection":[{"href":"https:\/\/zekisari.com\/index.php\/wp-json\/wp\/v2\/pages"}],"about":[{"href":"https:\/\/zekisari.com\/index.php\/wp-json\/wp\/v2\/types\/page"}],"author":[{"embeddable":true,"href":"https:\/\/zekisari.com\/index.php\/wp-json\/wp\/v2\/users\/1"}],"replies":[{"embeddable":true,"href":"https:\/\/zekisari.com\/index.php\/wp-json\/wp\/v2\/comments?post=5212"}],"version-history":[{"count":12,"href":"https:\/\/zekisari.com\/index.php\/wp-json\/wp\/v2\/pages\/5212\/revisions"}],"predecessor-version":[{"id":12175,"href":"https:\/\/zekisari.com\/index.php\/wp-json\/wp\/v2\/pages\/5212\/revisions\/12175"}],"wp:attachment":[{"href":"https:\/\/zekisari.com\/index.php\/wp-json\/wp\/v2\/media?parent=5212"}],"curies":[{"name":"wp","href":"https:\/\/api.w.org\/{rel}","templated":true}]}}